{"id":4433,"date":"2023-06-30T00:27:59","date_gmt":"2023-06-29T22:27:59","guid":{"rendered":"https:\/\/lebana.net\/product\/pack-canevas-lavabo-espejo-capsula\/"},"modified":"2023-06-30T00:28:08","modified_gmt":"2023-06-29T22:28:08","slug":"pack-canevas-lavabo-espejo-capsula","status":"publish","type":"product","link":"https:\/\/lebana.net\/fr\/product\/pack-canevas-lavabo-espejo-capsula\/","title":{"rendered":"Pack CANEVAS + lavabo + miroir capsule"},"content":{"rendered":"<p>Ensemble de salle de bains compos\u00e9 d'un meuble de salle de bains, d'un lavabo et d'un miroir design. Meuble de style ethnique avec portes d\u00e9cor\u00e9es au laser et s'ouvrant par poign\u00e9e.<br \/>\nMeubles en panneaux de particules de 19 mm avec rev\u00eatement en m\u00e9lamine. Faible \u00e9mission de formald\u00e9hyde, caract\u00e9ristiques de surface optimales (telles que la r\u00e9sistance \u00e0 l'usure et aux rayures) conform\u00e9ment \u00e0 la norme EN14322. Surface antibact\u00e9rienne conforme \u00e0 la norme ISO 22196.<br \/>\nCharni\u00e8re \u00e9quip\u00e9e d'un piston amortisseur pour une fermeture en douceur de la porte, en acier avec finition nickel\u00e9e pour une plus grande protection de la pi\u00e8ce. R\u00e9glage tridimensionnel pour une plus grande pr\u00e9cision et une meilleure articulation.<br \/>\nSuspensions avec syst\u00e8me anti-glissement et r\u00e9glage horizontal et vertical. Poids support\u00e9 240 kg (120 kg par cintre). Bords en PVC de 1 mm.<br \/>\nComprend un lavabo en c\u00e9ramique blanc brillant. Miroir design en forme de capsule inclus.<br \/>\nL'armoire est livr\u00e9e assembl\u00e9e, pr\u00eate \u00e0 \u00eatre accroch\u00e9e au mur. Le kit est inclus pour l'installation de l'unit\u00e9. Le robinet et le siphon ne sont pas inclus. Fabriqu\u00e9 en Espagne.<\/p>","protected":false},"excerpt":{"rendered":"<p>Ensemble de salle de bains compos\u00e9 d'un meuble de salle de bains, d'un lavabo et d'un miroir design. Meuble de style ethnique avec portes d\u00e9cor\u00e9es au laser et ouverture par poign\u00e9e. Meuble en...<\/p>","protected":false},"featured_media":3651,"comment_status":"closed","ping_status":"open","template":"","meta":[],"pwb-brand":[113],"product_cat":[59],"product_tag":[],"class_list":{"0":"post-4433","1":"product","2":"type-product","3":"status-publish","4":"has-post-thumbnail","6":"pwb-brand-canevas","7":"product_cat-muebles-de-bano"},"yoast_head":"<!-- This site is optimized with the Yoast SEO plugin v21.6 - https:\/\/yoast.com\/wordpress\/plugins\/seo\/ -->\n<title>Pack CANEVAS + lavabo + espejo c\u00e1psula - lebana<\/title>\n<meta name=\"robots\" content=\"index, follow, max-snippet:-1, max-image-preview:large, max-video-preview:-1\" \/>\n<link rel=\"canonical\" href=\"https:\/\/lebana.net\/fr\/product\/pack-canevas-lavabo-espejo-capsula\/\" \/>\n<meta property=\"og:locale\" content=\"fr_FR\" \/>\n<meta property=\"og:type\" content=\"article\" \/>\n<meta property=\"og:title\" content=\"Pack CANEVAS + lavabo + espejo c\u00e1psula - lebana\" \/>\n<meta property=\"og:description\" content=\"Pack de ba\u00f1o compuesto por un mueble de ba\u00f1o, lavabo y espejo dise\u00f1o c\u00e1psula. Mueble estilo \u00e9tnico con puertas decoradas mediante t\u00e9cnica l\u00e1ser y apertura mediante tirador. Mueble fabricado en...\" \/>\n<meta property=\"og:url\" content=\"https:\/\/lebana.net\/fr\/product\/pack-canevas-lavabo-espejo-capsula\/\" \/>\n<meta property=\"og:site_name\" content=\"lebana\" \/>\n<meta property=\"article:modified_time\" content=\"2023-06-29T22:28:08+00:00\" \/>\n<meta name=\"twitter:card\" content=\"summary_large_image\" \/>\n<meta name=\"twitter:label1\" content=\"Dur\u00e9e de lecture estim\u00e9e\" \/>\n\t<meta name=\"twitter:data1\" content=\"1 minute\" \/>\n<script type=\"application\/ld+json\" class=\"yoast-schema-graph\">{\"@context\":\"https:\/\/schema.org\",\"@graph\":[{\"@type\":\"WebPage\",\"@id\":\"https:\/\/lebana.net\/product\/pack-canevas-lavabo-espejo-capsula\/\",\"url\":\"https:\/\/lebana.net\/product\/pack-canevas-lavabo-espejo-capsula\/\",\"name\":\"Pack CANEVAS + lavabo + espejo c\u00e1psula - lebana\",\"isPartOf\":{\"@id\":\"https:\/\/lebana.net\/es\/#website\"},\"datePublished\":\"2023-06-29T22:27:59+00:00\",\"dateModified\":\"2023-06-29T22:28:08+00:00\",\"breadcrumb\":{\"@id\":\"https:\/\/lebana.net\/product\/pack-canevas-lavabo-espejo-capsula\/#breadcrumb\"},\"inLanguage\":\"fr-FR\",\"potentialAction\":[{\"@type\":\"ReadAction\",\"target\":[\"https:\/\/lebana.net\/product\/pack-canevas-lavabo-espejo-capsula\/\"]}]},{\"@type\":\"BreadcrumbList\",\"@id\":\"https:\/\/lebana.net\/product\/pack-canevas-lavabo-espejo-capsula\/#breadcrumb\",\"itemListElement\":[{\"@type\":\"ListItem\",\"position\":1,\"name\":\"Portada\",\"item\":\"https:\/\/lebana.net\/\"},{\"@type\":\"ListItem\",\"position\":2,\"name\":\"Tienda\",\"item\":\"https:\/\/lebana.net\/es\/shop-2\/\"},{\"@type\":\"ListItem\",\"position\":3,\"name\":\"Pack CANEVAS + lavabo + espejo c\u00e1psula\"}]},{\"@type\":\"WebSite\",\"@id\":\"https:\/\/lebana.net\/es\/#website\",\"url\":\"https:\/\/lebana.net\/es\/\",\"name\":\"lebana\",\"description\":\"\",\"publisher\":{\"@id\":\"https:\/\/lebana.net\/es\/#organization\"},\"potentialAction\":[{\"@type\":\"SearchAction\",\"target\":{\"@type\":\"EntryPoint\",\"urlTemplate\":\"https:\/\/lebana.net\/es\/?s={search_term_string}\"},\"query-input\":\"required name=search_term_string\"}],\"inLanguage\":\"fr-FR\"},{\"@type\":\"Organization\",\"@id\":\"https:\/\/lebana.net\/es\/#organization\",\"name\":\"lebana\",\"url\":\"https:\/\/lebana.net\/es\/\",\"logo\":{\"@type\":\"ImageObject\",\"inLanguage\":\"fr-FR\",\"@id\":\"https:\/\/lebana.net\/es\/#\/schema\/logo\/image\/\",\"url\":null,\"contentUrl\":null,\"width\":\"1024\",\"height\":\"1024\",\"caption\":\"lebana\"},\"image\":{\"@id\":\"https:\/\/lebana.net\/es\/#\/schema\/logo\/image\/\"}}]}<\/script>\n<!-- \/ Yoast SEO plugin. -->","yoast_head_json":{"title":"Pack CANEVAS + lavabo + espejo c\u00e1psula - lebana","robots":{"index":"index","follow":"follow","max-snippet":"max-snippet:-1","max-image-preview":"max-image-preview:large","max-video-preview":"max-video-preview:-1"},"canonical":"https:\/\/lebana.net\/fr\/product\/pack-canevas-lavabo-espejo-capsula\/","og_locale":"fr_FR","og_type":"article","og_title":"Pack CANEVAS + lavabo + espejo c\u00e1psula - lebana","og_description":"Pack de ba\u00f1o compuesto por un mueble de ba\u00f1o, lavabo y espejo dise\u00f1o c\u00e1psula. Mueble estilo \u00e9tnico con puertas decoradas mediante t\u00e9cnica l\u00e1ser y apertura mediante tirador. Mueble fabricado en...","og_url":"https:\/\/lebana.net\/fr\/product\/pack-canevas-lavabo-espejo-capsula\/","og_site_name":"lebana","article_modified_time":"2023-06-29T22:28:08+00:00","twitter_card":"summary_large_image","twitter_misc":{"Dur\u00e9e de lecture estim\u00e9e":"1 minute"},"schema":{"@context":"https:\/\/schema.org","@graph":[{"@type":"WebPage","@id":"https:\/\/lebana.net\/product\/pack-canevas-lavabo-espejo-capsula\/","url":"https:\/\/lebana.net\/product\/pack-canevas-lavabo-espejo-capsula\/","name":"Pack CANEVAS + lavabo + espejo c\u00e1psula - lebana","isPartOf":{"@id":"https:\/\/lebana.net\/es\/#website"},"datePublished":"2023-06-29T22:27:59+00:00","dateModified":"2023-06-29T22:28:08+00:00","breadcrumb":{"@id":"https:\/\/lebana.net\/product\/pack-canevas-lavabo-espejo-capsula\/#breadcrumb"},"inLanguage":"fr-FR","potentialAction":[{"@type":"ReadAction","target":["https:\/\/lebana.net\/product\/pack-canevas-lavabo-espejo-capsula\/"]}]},{"@type":"BreadcrumbList","@id":"https:\/\/lebana.net\/product\/pack-canevas-lavabo-espejo-capsula\/#breadcrumb","itemListElement":[{"@type":"ListItem","position":1,"name":"Portada","item":"https:\/\/lebana.net\/"},{"@type":"ListItem","position":2,"name":"Tienda","item":"https:\/\/lebana.net\/es\/shop-2\/"},{"@type":"ListItem","position":3,"name":"Pack CANEVAS + lavabo + espejo c\u00e1psula"}]},{"@type":"WebSite","@id":"https:\/\/lebana.net\/es\/#website","url":"https:\/\/lebana.net\/es\/","name":"lebana","description":"","publisher":{"@id":"https:\/\/lebana.net\/es\/#organization"},"potentialAction":[{"@type":"SearchAction","target":{"@type":"EntryPoint","urlTemplate":"https:\/\/lebana.net\/es\/?s={search_term_string}"},"query-input":"required name=search_term_string"}],"inLanguage":"fr-FR"},{"@type":"Organization","@id":"https:\/\/lebana.net\/es\/#organization","name":"lebana","url":"https:\/\/lebana.net\/es\/","logo":{"@type":"ImageObject","inLanguage":"fr-FR","@id":"https:\/\/lebana.net\/es\/#\/schema\/logo\/image\/","url":null,"contentUrl":null,"width":"1024","height":"1024","caption":"lebana"},"image":{"@id":"https:\/\/lebana.net\/es\/#\/schema\/logo\/image\/"}}]}},"brands":[{"id":113,"name":"CANEVAS","slug":"canevas"}],"_links":{"self":[{"href":"https:\/\/lebana.net\/fr\/wp-json\/wp\/v2\/product\/4433","targetHints":{"allow":["GET"]}}],"collection":[{"href":"https:\/\/lebana.net\/fr\/wp-json\/wp\/v2\/product"}],"about":[{"href":"https:\/\/lebana.net\/fr\/wp-json\/wp\/v2\/types\/product"}],"replies":[{"embeddable":true,"href":"https:\/\/lebana.net\/fr\/wp-json\/wp\/v2\/comments?post=4433"}],"wp:featuredmedia":[{"embeddable":true,"href":"https:\/\/lebana.net\/fr\/wp-json\/wp\/v2\/media\/3651"}],"wp:attachment":[{"href":"https:\/\/lebana.net\/fr\/wp-json\/wp\/v2\/media?parent=4433"}],"wp:term":[{"taxonomy":"pwb-brand","embeddable":true,"href":"https:\/\/lebana.net\/fr\/wp-json\/wp\/v2\/pwb-brand?post=4433"},{"taxonomy":"product_cat","embeddable":true,"href":"https:\/\/lebana.net\/fr\/wp-json\/wp\/v2\/product_cat?post=4433"},{"taxonomy":"product_tag","embeddable":true,"href":"https:\/\/lebana.net\/fr\/wp-json\/wp\/v2\/product_tag?post=4433"}],"curies":[{"name":"wp","href":"https:\/\/api.w.org\/{rel}","templated":true}]}}