{"id":4346,"date":"2023-06-30T00:27:22","date_gmt":"2023-06-29T22:27:22","guid":{"rendered":"https:\/\/lebana.net\/product\/pack-combine-lavabo-negro-espejo-circular\/"},"modified":"2023-06-30T00:27:30","modified_gmt":"2023-06-29T22:27:30","slug":"pack-combine-lavabo-negro-espejo-circular","status":"publish","type":"product","link":"https:\/\/lebana.net\/fr\/product\/pack-combine-lavabo-negro-espejo-circular\/","title":{"rendered":"Pack COMBIN\u00c9 + lavabo noir + miroir circulaire"},"content":{"rendered":"<p>Ensemble de salle de bains compos\u00e9 d'un meuble de salle de bains, d'un lavabo et d'un miroir circulaire.<br \/>\nMeubles en panneaux de particules de 19 mm avec rev\u00eatement en m\u00e9lamine. Faible \u00e9mission de formald\u00e9hyde, caract\u00e9ristiques de surface optimales (telles que la r\u00e9sistance \u00e0 l'usure et aux rayures) conform\u00e9ment \u00e0 la norme EN14322. Surface antibact\u00e9rienne conforme \u00e0 la norme ISO 22196.<br \/>\nTiroirs m\u00e9talliques \u00e0 double paroi \u00e0 l'esth\u00e9tique minimaliste, aux nervures fines et aux lignes droites. Fermeture amortie et capacit\u00e9 de charge de 25 kg. Coulisses en acier et finition zingu\u00e9e. Tiroir avec accessibilit\u00e9 totale et espace arri\u00e8re disponible.<br \/>\nSuspensions avec syst\u00e8me anti-glissement et r\u00e9glage horizontal et vertical. Poids support\u00e9 240 kg (120 kg par cintre). Bords en PVC de 1 mm.<br \/>\nComprend un lavabo noir mat. Miroir circulaire inclus.<br \/>\nL'armoire est livr\u00e9e assembl\u00e9e, pr\u00eate \u00e0 \u00eatre accroch\u00e9e au mur. Le kit est inclus pour l'installation de l'unit\u00e9. Le robinet et le siphon ne sont pas inclus. Fabriqu\u00e9 en Espagne.<\/p>","protected":false},"excerpt":{"rendered":"<p>Pack salle de bains compos\u00e9 d'un meuble de salle de bains, d'un lavabo et d'un miroir circulaire. Meubles en panneaux de particules de 19 mm avec rev\u00eatement en m\u00e9lamine. Faible \u00e9mission de formald\u00e9hyde, caract\u00e9ristiques...<\/p>","protected":false},"featured_media":3976,"comment_status":"closed","ping_status":"open","template":"","meta":[],"pwb-brand":[106],"product_cat":[59],"product_tag":[],"class_list":{"0":"post-4346","1":"product","2":"type-product","3":"status-publish","4":"has-post-thumbnail","6":"pwb-brand-combine","7":"product_cat-muebles-de-bano"},"yoast_head":"<!-- This site is optimized with the Yoast SEO plugin v21.6 - https:\/\/yoast.com\/wordpress\/plugins\/seo\/ -->\n<title>Pack COMBIN\u00c9 + lavabo negro + espejo circular - lebana<\/title>\n<meta name=\"robots\" content=\"index, follow, max-snippet:-1, max-image-preview:large, max-video-preview:-1\" \/>\n<link rel=\"canonical\" href=\"https:\/\/lebana.net\/fr\/product\/pack-combine-lavabo-negro-espejo-circular\/\" \/>\n<meta property=\"og:locale\" content=\"fr_FR\" \/>\n<meta property=\"og:type\" content=\"article\" \/>\n<meta property=\"og:title\" content=\"Pack COMBIN\u00c9 + lavabo negro + espejo circular - lebana\" \/>\n<meta property=\"og:description\" content=\"Pack de ba\u00f1o compuesto por un mueble de ba\u00f1o, lavabo y espejo circular. Mueble fabricado en tablero de part\u00edculas de 19 mm con recubrimiento melam\u00ednico. Baja emisi\u00f3n de formaldeh\u00eddo, caracter\u00edsticas...\" \/>\n<meta property=\"og:url\" content=\"https:\/\/lebana.net\/fr\/product\/pack-combine-lavabo-negro-espejo-circular\/\" \/>\n<meta property=\"og:site_name\" content=\"lebana\" \/>\n<meta property=\"article:modified_time\" content=\"2023-06-29T22:27:30+00:00\" \/>\n<meta name=\"twitter:card\" content=\"summary_large_image\" \/>\n<meta name=\"twitter:label1\" content=\"Dur\u00e9e de lecture estim\u00e9e\" \/>\n\t<meta name=\"twitter:data1\" content=\"1 minute\" \/>\n<script type=\"application\/ld+json\" class=\"yoast-schema-graph\">{\"@context\":\"https:\/\/schema.org\",\"@graph\":[{\"@type\":\"WebPage\",\"@id\":\"https:\/\/lebana.net\/product\/pack-combine-lavabo-negro-espejo-circular\/\",\"url\":\"https:\/\/lebana.net\/product\/pack-combine-lavabo-negro-espejo-circular\/\",\"name\":\"Pack COMBIN\u00c9 + lavabo negro + espejo circular - lebana\",\"isPartOf\":{\"@id\":\"https:\/\/lebana.net\/es\/#website\"},\"datePublished\":\"2023-06-29T22:27:22+00:00\",\"dateModified\":\"2023-06-29T22:27:30+00:00\",\"breadcrumb\":{\"@id\":\"https:\/\/lebana.net\/product\/pack-combine-lavabo-negro-espejo-circular\/#breadcrumb\"},\"inLanguage\":\"fr-FR\",\"potentialAction\":[{\"@type\":\"ReadAction\",\"target\":[\"https:\/\/lebana.net\/product\/pack-combine-lavabo-negro-espejo-circular\/\"]}]},{\"@type\":\"BreadcrumbList\",\"@id\":\"https:\/\/lebana.net\/product\/pack-combine-lavabo-negro-espejo-circular\/#breadcrumb\",\"itemListElement\":[{\"@type\":\"ListItem\",\"position\":1,\"name\":\"Portada\",\"item\":\"https:\/\/lebana.net\/\"},{\"@type\":\"ListItem\",\"position\":2,\"name\":\"Tienda\",\"item\":\"https:\/\/lebana.net\/es\/shop-2\/\"},{\"@type\":\"ListItem\",\"position\":3,\"name\":\"Pack COMBIN\u00c9 + lavabo negro + espejo circular\"}]},{\"@type\":\"WebSite\",\"@id\":\"https:\/\/lebana.net\/es\/#website\",\"url\":\"https:\/\/lebana.net\/es\/\",\"name\":\"lebana\",\"description\":\"\",\"publisher\":{\"@id\":\"https:\/\/lebana.net\/es\/#organization\"},\"potentialAction\":[{\"@type\":\"SearchAction\",\"target\":{\"@type\":\"EntryPoint\",\"urlTemplate\":\"https:\/\/lebana.net\/es\/?s={search_term_string}\"},\"query-input\":\"required name=search_term_string\"}],\"inLanguage\":\"fr-FR\"},{\"@type\":\"Organization\",\"@id\":\"https:\/\/lebana.net\/es\/#organization\",\"name\":\"lebana\",\"url\":\"https:\/\/lebana.net\/es\/\",\"logo\":{\"@type\":\"ImageObject\",\"inLanguage\":\"fr-FR\",\"@id\":\"https:\/\/lebana.net\/es\/#\/schema\/logo\/image\/\",\"url\":null,\"contentUrl\":null,\"width\":\"1024\",\"height\":\"1024\",\"caption\":\"lebana\"},\"image\":{\"@id\":\"https:\/\/lebana.net\/es\/#\/schema\/logo\/image\/\"}}]}<\/script>\n<!-- \/ Yoast SEO plugin. -->","yoast_head_json":{"title":"Pack COMBIN\u00c9 + lavabo negro + espejo circular - lebana","robots":{"index":"index","follow":"follow","max-snippet":"max-snippet:-1","max-image-preview":"max-image-preview:large","max-video-preview":"max-video-preview:-1"},"canonical":"https:\/\/lebana.net\/fr\/product\/pack-combine-lavabo-negro-espejo-circular\/","og_locale":"fr_FR","og_type":"article","og_title":"Pack COMBIN\u00c9 + lavabo negro + espejo circular - lebana","og_description":"Pack de ba\u00f1o compuesto por un mueble de ba\u00f1o, lavabo y espejo circular. Mueble fabricado en tablero de part\u00edculas de 19 mm con recubrimiento melam\u00ednico. Baja emisi\u00f3n de formaldeh\u00eddo, caracter\u00edsticas...","og_url":"https:\/\/lebana.net\/fr\/product\/pack-combine-lavabo-negro-espejo-circular\/","og_site_name":"lebana","article_modified_time":"2023-06-29T22:27:30+00:00","twitter_card":"summary_large_image","twitter_misc":{"Dur\u00e9e de lecture estim\u00e9e":"1 minute"},"schema":{"@context":"https:\/\/schema.org","@graph":[{"@type":"WebPage","@id":"https:\/\/lebana.net\/product\/pack-combine-lavabo-negro-espejo-circular\/","url":"https:\/\/lebana.net\/product\/pack-combine-lavabo-negro-espejo-circular\/","name":"Pack COMBIN\u00c9 + lavabo negro + espejo circular - lebana","isPartOf":{"@id":"https:\/\/lebana.net\/es\/#website"},"datePublished":"2023-06-29T22:27:22+00:00","dateModified":"2023-06-29T22:27:30+00:00","breadcrumb":{"@id":"https:\/\/lebana.net\/product\/pack-combine-lavabo-negro-espejo-circular\/#breadcrumb"},"inLanguage":"fr-FR","potentialAction":[{"@type":"ReadAction","target":["https:\/\/lebana.net\/product\/pack-combine-lavabo-negro-espejo-circular\/"]}]},{"@type":"BreadcrumbList","@id":"https:\/\/lebana.net\/product\/pack-combine-lavabo-negro-espejo-circular\/#breadcrumb","itemListElement":[{"@type":"ListItem","position":1,"name":"Portada","item":"https:\/\/lebana.net\/"},{"@type":"ListItem","position":2,"name":"Tienda","item":"https:\/\/lebana.net\/es\/shop-2\/"},{"@type":"ListItem","position":3,"name":"Pack COMBIN\u00c9 + lavabo negro + espejo circular"}]},{"@type":"WebSite","@id":"https:\/\/lebana.net\/es\/#website","url":"https:\/\/lebana.net\/es\/","name":"lebana","description":"","publisher":{"@id":"https:\/\/lebana.net\/es\/#organization"},"potentialAction":[{"@type":"SearchAction","target":{"@type":"EntryPoint","urlTemplate":"https:\/\/lebana.net\/es\/?s={search_term_string}"},"query-input":"required name=search_term_string"}],"inLanguage":"fr-FR"},{"@type":"Organization","@id":"https:\/\/lebana.net\/es\/#organization","name":"lebana","url":"https:\/\/lebana.net\/es\/","logo":{"@type":"ImageObject","inLanguage":"fr-FR","@id":"https:\/\/lebana.net\/es\/#\/schema\/logo\/image\/","url":null,"contentUrl":null,"width":"1024","height":"1024","caption":"lebana"},"image":{"@id":"https:\/\/lebana.net\/es\/#\/schema\/logo\/image\/"}}]}},"brands":[{"id":106,"name":"COMBIN\u00c9","slug":"combine"}],"_links":{"self":[{"href":"https:\/\/lebana.net\/fr\/wp-json\/wp\/v2\/product\/4346","targetHints":{"allow":["GET"]}}],"collection":[{"href":"https:\/\/lebana.net\/fr\/wp-json\/wp\/v2\/product"}],"about":[{"href":"https:\/\/lebana.net\/fr\/wp-json\/wp\/v2\/types\/product"}],"replies":[{"embeddable":true,"href":"https:\/\/lebana.net\/fr\/wp-json\/wp\/v2\/comments?post=4346"}],"wp:featuredmedia":[{"embeddable":true,"href":"https:\/\/lebana.net\/fr\/wp-json\/wp\/v2\/media\/3976"}],"wp:attachment":[{"href":"https:\/\/lebana.net\/fr\/wp-json\/wp\/v2\/media?parent=4346"}],"wp:term":[{"taxonomy":"pwb-brand","embeddable":true,"href":"https:\/\/lebana.net\/fr\/wp-json\/wp\/v2\/pwb-brand?post=4346"},{"taxonomy":"product_cat","embeddable":true,"href":"https:\/\/lebana.net\/fr\/wp-json\/wp\/v2\/product_cat?post=4346"},{"taxonomy":"product_tag","embeddable":true,"href":"https:\/\/lebana.net\/fr\/wp-json\/wp\/v2\/product_tag?post=4346"}],"curies":[{"name":"wp","href":"https:\/\/api.w.org\/{rel}","templated":true}]}}