{"id":1805,"date":"2022-08-25T11:41:04","date_gmt":"2022-08-25T09:41:04","guid":{"rendered":"https:\/\/lebana.net\/product\/pack-terra-lavabo-sobreencimera-espejo-foco-led\/"},"modified":"2022-08-25T11:41:18","modified_gmt":"2022-08-25T09:41:18","slug":"pack-terra-lavabo-sobreencimera-espejo-foco-led","status":"publish","type":"product","link":"https:\/\/lebana.net\/fr\/product\/pack-terra-lavabo-sobreencimera-espejo-foco-led\/","title":{"rendered":"Pack TERRA + lavabo + miroir + miroir + spot LED"},"content":{"rendered":"<p>Pack salle de bains compos\u00e9 d'un meuble de salle de bains, d'un lavabo, d'un miroir et d'une applique murale avec \u00e9clairage LED.<br \/>\nCompos\u00e9 de deux modules muraux ind\u00e9pendants, qui peuvent \u00eatre positionn\u00e9s \u00e0 volont\u00e9, formant ainsi de multiples combinaisons. Le module sup\u00e9rieur est pr\u00e9par\u00e9 pour recevoir un lavabo \u00e0 poser.<br \/>\nMeubles en panneaux de particules de 19 mm avec rev\u00eatement en m\u00e9lamine. Faible \u00e9mission de formald\u00e9hyde, caract\u00e9ristiques de surface optimales (telles que la r\u00e9sistance \u00e0 l'usure et aux rayures) conform\u00e9ment \u00e0 la norme EN14322. Surface antibact\u00e9rienne conforme \u00e0 la norme ISO 22196.<br \/>\nTiroirs m\u00e9talliques \u00e0 double paroi \u00e0 l'esth\u00e9tique minimaliste, aux nervures fines et aux lignes droites. Fermeture amortie et capacit\u00e9 de charge de 25 kg. Coulisses en acier et finition zingu\u00e9e. Tiroir avec accessibilit\u00e9 totale et espace arri\u00e8re disponible.<br \/>\nSuspensions avec syst\u00e8me anti-glissement et r\u00e9glage horizontal et vertical. Poids support\u00e9 240 kg (120 kg par cintre). Bords en PVC de 1 mm.<br \/>\nComprend un lavabo en c\u00e9ramique blanc brillant. Miroir avec \u00e9clairage LED, IP65, 8,4W, 910lm et temp\u00e9rature de lumi\u00e8re 6000K.<br \/>\nL'armoire est livr\u00e9e assembl\u00e9e, pr\u00eate \u00e0 \u00eatre accroch\u00e9e au mur. Le kit est inclus pour l'installation de l'unit\u00e9. Le robinet et le siphon ne sont pas inclus. Fabriqu\u00e9 en Espagne.<\/p>","protected":false},"excerpt":{"rendered":"<p>Pack salle de bains compos\u00e9 d'un meuble de salle de bains, d'un lavabo, d'un miroir et d'une applique murale avec \u00e9clairage LED. Compos\u00e9 de deux modules suspendus ind\u00e9pendants, qui peuvent \u00eatre positionn\u00e9s \u00e0 volont\u00e9, formant un...<\/p>","protected":false},"featured_media":1486,"comment_status":"closed","ping_status":"open","template":"","meta":[],"pwb-brand":[75],"product_cat":[59],"product_tag":[],"class_list":{"0":"post-1805","1":"product","2":"type-product","3":"status-publish","4":"has-post-thumbnail","6":"pwb-brand-terra","7":"product_cat-muebles-de-bano"},"yoast_head":"<!-- This site is optimized with the Yoast SEO plugin v21.6 - https:\/\/yoast.com\/wordpress\/plugins\/seo\/ -->\n<title>Pack TERRA + lavabo sobreencimera + espejo + foco LED - lebana<\/title>\n<meta name=\"robots\" content=\"index, follow, max-snippet:-1, max-image-preview:large, max-video-preview:-1\" \/>\n<link rel=\"canonical\" href=\"https:\/\/lebana.net\/fr\/product\/pack-terra-lavabo-sobreencimera-espejo-foco-led\/\" \/>\n<meta property=\"og:locale\" content=\"fr_FR\" \/>\n<meta property=\"og:type\" content=\"article\" \/>\n<meta property=\"og:title\" content=\"Pack TERRA + lavabo sobreencimera + espejo + foco LED - lebana\" \/>\n<meta property=\"og:description\" content=\"Pack de ba\u00f1o compuesto por un mueble de ba\u00f1o, lavabo, espejo y aplique con iluminaci\u00f3n LED. Compuesto por dos m\u00f3dulos suspendidos independientes, que pueden ser colocados como se desee, formando...\" \/>\n<meta property=\"og:url\" content=\"https:\/\/lebana.net\/fr\/product\/pack-terra-lavabo-sobreencimera-espejo-foco-led\/\" \/>\n<meta property=\"og:site_name\" content=\"lebana\" \/>\n<meta property=\"article:modified_time\" content=\"2022-08-25T09:41:18+00:00\" \/>\n<meta property=\"og:image\" content=\"https:\/\/lebana.net\/wp-content\/uploads\/2022\/08\/P4TERL0DEKI-1-scaled.jpg\" \/>\n\t<meta property=\"og:image:width\" content=\"2560\" \/>\n\t<meta property=\"og:image:height\" content=\"2134\" \/>\n\t<meta property=\"og:image:type\" content=\"image\/jpeg\" \/>\n<meta name=\"twitter:card\" content=\"summary_large_image\" \/>\n<meta name=\"twitter:label1\" content=\"Dur\u00e9e de lecture estim\u00e9e\" \/>\n\t<meta name=\"twitter:data1\" content=\"1 minute\" \/>\n<script type=\"application\/ld+json\" class=\"yoast-schema-graph\">{\"@context\":\"https:\/\/schema.org\",\"@graph\":[{\"@type\":\"WebPage\",\"@id\":\"https:\/\/lebana.net\/es\/product\/pack-terra-lavabo-sobreencimera-espejo-foco-led\/\",\"url\":\"https:\/\/lebana.net\/es\/product\/pack-terra-lavabo-sobreencimera-espejo-foco-led\/\",\"name\":\"Pack TERRA + lavabo sobreencimera + espejo + foco LED - lebana\",\"isPartOf\":{\"@id\":\"https:\/\/lebana.net\/es\/#website\"},\"datePublished\":\"2022-08-25T09:41:04+00:00\",\"dateModified\":\"2022-08-25T09:41:18+00:00\",\"breadcrumb\":{\"@id\":\"https:\/\/lebana.net\/es\/product\/pack-terra-lavabo-sobreencimera-espejo-foco-led\/#breadcrumb\"},\"inLanguage\":\"fr-FR\",\"potentialAction\":[{\"@type\":\"ReadAction\",\"target\":[\"https:\/\/lebana.net\/es\/product\/pack-terra-lavabo-sobreencimera-espejo-foco-led\/\"]}]},{\"@type\":\"BreadcrumbList\",\"@id\":\"https:\/\/lebana.net\/es\/product\/pack-terra-lavabo-sobreencimera-espejo-foco-led\/#breadcrumb\",\"itemListElement\":[{\"@type\":\"ListItem\",\"position\":1,\"name\":\"Portada\",\"item\":\"https:\/\/lebana.net\/\"},{\"@type\":\"ListItem\",\"position\":2,\"name\":\"Tienda\",\"item\":\"https:\/\/lebana.net\/es\/shop-2\/\"},{\"@type\":\"ListItem\",\"position\":3,\"name\":\"Pack TERRA + lavabo sobreencimera + espejo + foco LED\"}]},{\"@type\":\"WebSite\",\"@id\":\"https:\/\/lebana.net\/es\/#website\",\"url\":\"https:\/\/lebana.net\/es\/\",\"name\":\"lebana\",\"description\":\"\",\"publisher\":{\"@id\":\"https:\/\/lebana.net\/es\/#organization\"},\"potentialAction\":[{\"@type\":\"SearchAction\",\"target\":{\"@type\":\"EntryPoint\",\"urlTemplate\":\"https:\/\/lebana.net\/es\/?s={search_term_string}\"},\"query-input\":\"required name=search_term_string\"}],\"inLanguage\":\"fr-FR\"},{\"@type\":\"Organization\",\"@id\":\"https:\/\/lebana.net\/es\/#organization\",\"name\":\"lebana\",\"url\":\"https:\/\/lebana.net\/es\/\",\"logo\":{\"@type\":\"ImageObject\",\"inLanguage\":\"fr-FR\",\"@id\":\"https:\/\/lebana.net\/es\/#\/schema\/logo\/image\/\",\"url\":null,\"contentUrl\":null,\"width\":\"1024\",\"height\":\"1024\",\"caption\":\"lebana\"},\"image\":{\"@id\":\"https:\/\/lebana.net\/es\/#\/schema\/logo\/image\/\"}}]}<\/script>\n<!-- \/ Yoast SEO plugin. -->","yoast_head_json":{"title":"Pack TERRA + lavabo sobreencimera + espejo + foco LED - lebana","robots":{"index":"index","follow":"follow","max-snippet":"max-snippet:-1","max-image-preview":"max-image-preview:large","max-video-preview":"max-video-preview:-1"},"canonical":"https:\/\/lebana.net\/fr\/product\/pack-terra-lavabo-sobreencimera-espejo-foco-led\/","og_locale":"fr_FR","og_type":"article","og_title":"Pack TERRA + lavabo sobreencimera + espejo + foco LED - lebana","og_description":"Pack de ba\u00f1o compuesto por un mueble de ba\u00f1o, lavabo, espejo y aplique con iluminaci\u00f3n LED. Compuesto por dos m\u00f3dulos suspendidos independientes, que pueden ser colocados como se desee, formando...","og_url":"https:\/\/lebana.net\/fr\/product\/pack-terra-lavabo-sobreencimera-espejo-foco-led\/","og_site_name":"lebana","article_modified_time":"2022-08-25T09:41:18+00:00","og_image":[{"width":2560,"height":2134,"url":"https:\/\/lebana.net\/wp-content\/uploads\/2022\/08\/P4TERL0DEKI-1-scaled.jpg","type":"image\/jpeg"}],"twitter_card":"summary_large_image","twitter_misc":{"Dur\u00e9e de lecture estim\u00e9e":"1 minute"},"schema":{"@context":"https:\/\/schema.org","@graph":[{"@type":"WebPage","@id":"https:\/\/lebana.net\/es\/product\/pack-terra-lavabo-sobreencimera-espejo-foco-led\/","url":"https:\/\/lebana.net\/es\/product\/pack-terra-lavabo-sobreencimera-espejo-foco-led\/","name":"Pack TERRA + lavabo sobreencimera + espejo + foco LED - lebana","isPartOf":{"@id":"https:\/\/lebana.net\/es\/#website"},"datePublished":"2022-08-25T09:41:04+00:00","dateModified":"2022-08-25T09:41:18+00:00","breadcrumb":{"@id":"https:\/\/lebana.net\/es\/product\/pack-terra-lavabo-sobreencimera-espejo-foco-led\/#breadcrumb"},"inLanguage":"fr-FR","potentialAction":[{"@type":"ReadAction","target":["https:\/\/lebana.net\/es\/product\/pack-terra-lavabo-sobreencimera-espejo-foco-led\/"]}]},{"@type":"BreadcrumbList","@id":"https:\/\/lebana.net\/es\/product\/pack-terra-lavabo-sobreencimera-espejo-foco-led\/#breadcrumb","itemListElement":[{"@type":"ListItem","position":1,"name":"Portada","item":"https:\/\/lebana.net\/"},{"@type":"ListItem","position":2,"name":"Tienda","item":"https:\/\/lebana.net\/es\/shop-2\/"},{"@type":"ListItem","position":3,"name":"Pack TERRA + lavabo sobreencimera + espejo + foco LED"}]},{"@type":"WebSite","@id":"https:\/\/lebana.net\/es\/#website","url":"https:\/\/lebana.net\/es\/","name":"lebana","description":"","publisher":{"@id":"https:\/\/lebana.net\/es\/#organization"},"potentialAction":[{"@type":"SearchAction","target":{"@type":"EntryPoint","urlTemplate":"https:\/\/lebana.net\/es\/?s={search_term_string}"},"query-input":"required name=search_term_string"}],"inLanguage":"fr-FR"},{"@type":"Organization","@id":"https:\/\/lebana.net\/es\/#organization","name":"lebana","url":"https:\/\/lebana.net\/es\/","logo":{"@type":"ImageObject","inLanguage":"fr-FR","@id":"https:\/\/lebana.net\/es\/#\/schema\/logo\/image\/","url":null,"contentUrl":null,"width":"1024","height":"1024","caption":"lebana"},"image":{"@id":"https:\/\/lebana.net\/es\/#\/schema\/logo\/image\/"}}]}},"brands":[{"id":75,"name":"TERRA","slug":"terra"}],"_links":{"self":[{"href":"https:\/\/lebana.net\/fr\/wp-json\/wp\/v2\/product\/1805","targetHints":{"allow":["GET"]}}],"collection":[{"href":"https:\/\/lebana.net\/fr\/wp-json\/wp\/v2\/product"}],"about":[{"href":"https:\/\/lebana.net\/fr\/wp-json\/wp\/v2\/types\/product"}],"replies":[{"embeddable":true,"href":"https:\/\/lebana.net\/fr\/wp-json\/wp\/v2\/comments?post=1805"}],"wp:featuredmedia":[{"embeddable":true,"href":"https:\/\/lebana.net\/fr\/wp-json\/wp\/v2\/media\/1486"}],"wp:attachment":[{"href":"https:\/\/lebana.net\/fr\/wp-json\/wp\/v2\/media?parent=1805"}],"wp:term":[{"taxonomy":"pwb-brand","embeddable":true,"href":"https:\/\/lebana.net\/fr\/wp-json\/wp\/v2\/pwb-brand?post=1805"},{"taxonomy":"product_cat","embeddable":true,"href":"https:\/\/lebana.net\/fr\/wp-json\/wp\/v2\/product_cat?post=1805"},{"taxonomy":"product_tag","embeddable":true,"href":"https:\/\/lebana.net\/fr\/wp-json\/wp\/v2\/product_tag?post=1805"}],"curies":[{"name":"wp","href":"https:\/\/api.w.org\/{rel}","templated":true}]}}