{"id":1766,"date":"2022-08-25T11:40:36","date_gmt":"2022-08-25T09:40:36","guid":{"rendered":"https:\/\/lebana.net\/product\/complemento-deco-2\/"},"modified":"2022-08-25T11:40:49","modified_gmt":"2022-08-25T09:40:49","slug":"complemento-deco-2","status":"publish","type":"product","link":"https:\/\/lebana.net\/fr\/product\/complemento-deco-2\/","title":{"rendered":"Compl\u00e9ment DECO"},"content":{"rendered":"<p>Colonne auxiliaire, parfaite pour agrandir l'espace de rangement dans la salle de bains. Id\u00e9ale \u00e0 combiner avec tous nos meubles de salle de bains. Style simple qui s'adapte \u00e0 tous les espaces.<br \/>\nMeubles en panneaux de particules de 19 mm avec rev\u00eatement en m\u00e9lamine. Faible \u00e9mission de formald\u00e9hyde, caract\u00e9ristiques de surface optimales (telles que la r\u00e9sistance \u00e0 l'usure et aux rayures) conform\u00e9ment \u00e0 la norme EN14322. Surface antibact\u00e9rienne conforme \u00e0 la norme ISO 22196.<br \/>\nCharni\u00e8re \u00e9quip\u00e9e d'un piston amortisseur pour une fermeture en douceur de la porte, en acier avec finition nickel\u00e9e pour une plus grande protection de la pi\u00e8ce. R\u00e9glage tridimensionnel pour une plus grande pr\u00e9cision et une meilleure articulation.<br \/>\nSuspensions murales avec r\u00e9glage sur 3 axes et capacit\u00e9 de charge de 65 kg par suspension selon la norme DIN-68840, certifi\u00e9es par LGA. Bords en PVC de 1 mm.<br \/>\nLivr\u00e9 enti\u00e8rement assembl\u00e9 et avec tout le n\u00e9cessaire pour l'accrocher au mur. Fabriqu\u00e9 en Espagne.<\/p>","protected":false},"excerpt":{"rendered":"<p>Colonne auxiliaire, parfaite pour agrandir l'espace de rangement dans la salle de bains. Id\u00e9ale \u00e0 combiner avec tous nos meubles de salle de bains. Style simple qui s'adapte \u00e0 tous les espaces. Meubles fabriqu\u00e9s en...<\/p>","protected":false},"featured_media":1370,"comment_status":"closed","ping_status":"open","template":"","meta":[],"pwb-brand":[74],"product_cat":[54],"product_tag":[],"class_list":{"0":"post-1766","1":"product","2":"type-product","3":"status-publish","4":"has-post-thumbnail","6":"pwb-brand-deco","7":"product_cat-muebles-auxiliares"},"yoast_head":"<!-- This site is optimized with the Yoast SEO plugin v21.6 - https:\/\/yoast.com\/wordpress\/plugins\/seo\/ -->\n<title>Complemento D\u00c9CO - lebana<\/title>\n<meta name=\"robots\" content=\"index, follow, max-snippet:-1, max-image-preview:large, max-video-preview:-1\" \/>\n<link rel=\"canonical\" href=\"https:\/\/lebana.net\/fr\/product\/complemento-deco-2\/\" \/>\n<meta property=\"og:locale\" content=\"fr_FR\" \/>\n<meta property=\"og:type\" content=\"article\" \/>\n<meta property=\"og:title\" content=\"Complemento D\u00c9CO - lebana\" \/>\n<meta property=\"og:description\" content=\"Columna auxiliar, perfecta para ampliar el espacio de almacenaje del ba\u00f1o. Ideal para combinar con todos nuestros muebles de ba\u00f1o. Estilo sencillo que se adapta a cualquier espacio. Mueble fabricado...\" \/>\n<meta property=\"og:url\" content=\"https:\/\/lebana.net\/fr\/product\/complemento-deco-2\/\" \/>\n<meta property=\"og:site_name\" content=\"lebana\" \/>\n<meta property=\"article:modified_time\" content=\"2022-08-25T09:40:49+00:00\" \/>\n<meta property=\"og:image\" content=\"https:\/\/lebana.net\/wp-content\/uploads\/2022\/08\/DECL0AAG0-1-scaled.jpg\" \/>\n\t<meta property=\"og:image:width\" content=\"2560\" \/>\n\t<meta property=\"og:image:height\" content=\"2133\" \/>\n\t<meta property=\"og:image:type\" content=\"image\/jpeg\" \/>\n<meta name=\"twitter:card\" content=\"summary_large_image\" \/>\n<meta name=\"twitter:label1\" content=\"Dur\u00e9e de lecture estim\u00e9e\" \/>\n\t<meta name=\"twitter:data1\" content=\"1 minute\" \/>\n<script type=\"application\/ld+json\" class=\"yoast-schema-graph\">{\"@context\":\"https:\/\/schema.org\",\"@graph\":[{\"@type\":\"WebPage\",\"@id\":\"https:\/\/lebana.net\/es\/product\/complemento-deco-2\/\",\"url\":\"https:\/\/lebana.net\/es\/product\/complemento-deco-2\/\",\"name\":\"Complemento D\u00c9CO - lebana\",\"isPartOf\":{\"@id\":\"https:\/\/lebana.net\/es\/#website\"},\"datePublished\":\"2022-08-25T09:40:36+00:00\",\"dateModified\":\"2022-08-25T09:40:49+00:00\",\"breadcrumb\":{\"@id\":\"https:\/\/lebana.net\/es\/product\/complemento-deco-2\/#breadcrumb\"},\"inLanguage\":\"fr-FR\",\"potentialAction\":[{\"@type\":\"ReadAction\",\"target\":[\"https:\/\/lebana.net\/es\/product\/complemento-deco-2\/\"]}]},{\"@type\":\"BreadcrumbList\",\"@id\":\"https:\/\/lebana.net\/es\/product\/complemento-deco-2\/#breadcrumb\",\"itemListElement\":[{\"@type\":\"ListItem\",\"position\":1,\"name\":\"Portada\",\"item\":\"https:\/\/lebana.net\/\"},{\"@type\":\"ListItem\",\"position\":2,\"name\":\"Tienda\",\"item\":\"https:\/\/lebana.net\/es\/shop-2\/\"},{\"@type\":\"ListItem\",\"position\":3,\"name\":\"Complemento D\u00c9CO\"}]},{\"@type\":\"WebSite\",\"@id\":\"https:\/\/lebana.net\/es\/#website\",\"url\":\"https:\/\/lebana.net\/es\/\",\"name\":\"lebana\",\"description\":\"\",\"publisher\":{\"@id\":\"https:\/\/lebana.net\/es\/#organization\"},\"potentialAction\":[{\"@type\":\"SearchAction\",\"target\":{\"@type\":\"EntryPoint\",\"urlTemplate\":\"https:\/\/lebana.net\/es\/?s={search_term_string}\"},\"query-input\":\"required name=search_term_string\"}],\"inLanguage\":\"fr-FR\"},{\"@type\":\"Organization\",\"@id\":\"https:\/\/lebana.net\/es\/#organization\",\"name\":\"lebana\",\"url\":\"https:\/\/lebana.net\/es\/\",\"logo\":{\"@type\":\"ImageObject\",\"inLanguage\":\"fr-FR\",\"@id\":\"https:\/\/lebana.net\/es\/#\/schema\/logo\/image\/\",\"url\":null,\"contentUrl\":null,\"width\":\"1024\",\"height\":\"1024\",\"caption\":\"lebana\"},\"image\":{\"@id\":\"https:\/\/lebana.net\/es\/#\/schema\/logo\/image\/\"}}]}<\/script>\n<!-- \/ Yoast SEO plugin. -->","yoast_head_json":{"title":"Complemento D\u00c9CO - lebana","robots":{"index":"index","follow":"follow","max-snippet":"max-snippet:-1","max-image-preview":"max-image-preview:large","max-video-preview":"max-video-preview:-1"},"canonical":"https:\/\/lebana.net\/fr\/product\/complemento-deco-2\/","og_locale":"fr_FR","og_type":"article","og_title":"Complemento D\u00c9CO - lebana","og_description":"Columna auxiliar, perfecta para ampliar el espacio de almacenaje del ba\u00f1o. Ideal para combinar con todos nuestros muebles de ba\u00f1o. Estilo sencillo que se adapta a cualquier espacio. Mueble fabricado...","og_url":"https:\/\/lebana.net\/fr\/product\/complemento-deco-2\/","og_site_name":"lebana","article_modified_time":"2022-08-25T09:40:49+00:00","og_image":[{"width":2560,"height":2133,"url":"https:\/\/lebana.net\/wp-content\/uploads\/2022\/08\/DECL0AAG0-1-scaled.jpg","type":"image\/jpeg"}],"twitter_card":"summary_large_image","twitter_misc":{"Dur\u00e9e de lecture estim\u00e9e":"1 minute"},"schema":{"@context":"https:\/\/schema.org","@graph":[{"@type":"WebPage","@id":"https:\/\/lebana.net\/es\/product\/complemento-deco-2\/","url":"https:\/\/lebana.net\/es\/product\/complemento-deco-2\/","name":"Complemento D\u00c9CO - lebana","isPartOf":{"@id":"https:\/\/lebana.net\/es\/#website"},"datePublished":"2022-08-25T09:40:36+00:00","dateModified":"2022-08-25T09:40:49+00:00","breadcrumb":{"@id":"https:\/\/lebana.net\/es\/product\/complemento-deco-2\/#breadcrumb"},"inLanguage":"fr-FR","potentialAction":[{"@type":"ReadAction","target":["https:\/\/lebana.net\/es\/product\/complemento-deco-2\/"]}]},{"@type":"BreadcrumbList","@id":"https:\/\/lebana.net\/es\/product\/complemento-deco-2\/#breadcrumb","itemListElement":[{"@type":"ListItem","position":1,"name":"Portada","item":"https:\/\/lebana.net\/"},{"@type":"ListItem","position":2,"name":"Tienda","item":"https:\/\/lebana.net\/es\/shop-2\/"},{"@type":"ListItem","position":3,"name":"Complemento D\u00c9CO"}]},{"@type":"WebSite","@id":"https:\/\/lebana.net\/es\/#website","url":"https:\/\/lebana.net\/es\/","name":"lebana","description":"","publisher":{"@id":"https:\/\/lebana.net\/es\/#organization"},"potentialAction":[{"@type":"SearchAction","target":{"@type":"EntryPoint","urlTemplate":"https:\/\/lebana.net\/es\/?s={search_term_string}"},"query-input":"required name=search_term_string"}],"inLanguage":"fr-FR"},{"@type":"Organization","@id":"https:\/\/lebana.net\/es\/#organization","name":"lebana","url":"https:\/\/lebana.net\/es\/","logo":{"@type":"ImageObject","inLanguage":"fr-FR","@id":"https:\/\/lebana.net\/es\/#\/schema\/logo\/image\/","url":null,"contentUrl":null,"width":"1024","height":"1024","caption":"lebana"},"image":{"@id":"https:\/\/lebana.net\/es\/#\/schema\/logo\/image\/"}}]}},"brands":[{"id":74,"name":"D\u00c9CO","slug":"deco"}],"_links":{"self":[{"href":"https:\/\/lebana.net\/fr\/wp-json\/wp\/v2\/product\/1766","targetHints":{"allow":["GET"]}}],"collection":[{"href":"https:\/\/lebana.net\/fr\/wp-json\/wp\/v2\/product"}],"about":[{"href":"https:\/\/lebana.net\/fr\/wp-json\/wp\/v2\/types\/product"}],"replies":[{"embeddable":true,"href":"https:\/\/lebana.net\/fr\/wp-json\/wp\/v2\/comments?post=1766"}],"wp:featuredmedia":[{"embeddable":true,"href":"https:\/\/lebana.net\/fr\/wp-json\/wp\/v2\/media\/1370"}],"wp:attachment":[{"href":"https:\/\/lebana.net\/fr\/wp-json\/wp\/v2\/media?parent=1766"}],"wp:term":[{"taxonomy":"pwb-brand","embeddable":true,"href":"https:\/\/lebana.net\/fr\/wp-json\/wp\/v2\/pwb-brand?post=1766"},{"taxonomy":"product_cat","embeddable":true,"href":"https:\/\/lebana.net\/fr\/wp-json\/wp\/v2\/product_cat?post=1766"},{"taxonomy":"product_tag","embeddable":true,"href":"https:\/\/lebana.net\/fr\/wp-json\/wp\/v2\/product_tag?post=1766"}],"curies":[{"name":"wp","href":"https:\/\/api.w.org\/{rel}","templated":true}]}}