{"id":3209,"date":"2022-10-21T00:59:39","date_gmt":"2022-10-20T22:59:39","guid":{"rendered":"https:\/\/lebana.net\/?page_id=3209"},"modified":"2023-12-09T15:08:12","modified_gmt":"2023-12-09T13:08:12","slug":"tienda","status":"publish","type":"page","link":"https:\/\/lebana.net\/fr\/tienda\/","title":{"rendered":"Boutique"},"content":{"rendered":"<div id=\"fws_69fb00dc3ce7d\"  data-column-margin=\"default\" data-midnight=\"dark\"  class=\"wpb_row vc_row-fluid vc_row\"  style=\"padding-top: 0px; padding-bottom: 0px; \"><div class=\"row-bg-wrap\" data-bg-animation=\"none\" data-bg-animation-delay=\"\" data-bg-overlay=\"false\"><div class=\"inner-wrap row-bg-layer\" ><div class=\"row-bg viewport-desktop\"  style=\"\"><\/div><\/div><\/div><div class=\"row_col_wrap_12 col span_12 dark left\">\n\t<div  class=\"vc_col-sm-12 wpb_column column_container vc_column_container col no-extra-padding inherit_tablet inherit_phone\"  data-padding-pos=\"all\" data-has-bg-color=\"false\" data-bg-color=\"\" data-bg-opacity=\"1\" data-animation=\"\" data-delay=\"0\" >\n\t\t<div class=\"vc_column-inner\" >\n\t\t\t<div class=\"wpb_wrapper\">\n\t\t\t\t<h2 style=\"font-size: 32px;color: #0a0a0a;text-align: center\" class=\"vc_custom_heading super-letter-spacing vc_custom_1667165205983\" ><a href=\"\" title=\"Boutique\">nos produits<\/a><\/h2>\n\t\t\t<\/div> \n\t\t<\/div>\n\t<\/div> \n<\/div><\/div>\n\t\t<div id=\"fws_69fb00dc3d695\"  data-column-margin=\"default\" data-midnight=\"dark\"  class=\"wpb_row vc_row-fluid vc_row\"  style=\"padding-top: 0px; padding-bottom: 0px; \"><div class=\"row-bg-wrap\" data-bg-animation=\"none\" data-bg-animation-delay=\"\" data-bg-overlay=\"false\"><div class=\"inner-wrap row-bg-layer\" ><div class=\"row-bg viewport-desktop\"  style=\"\"><\/div><\/div><\/div><div class=\"row_col_wrap_12 col span_12 dark left\">\n\t<div  class=\"vc_col-sm-12 wpb_column column_container vc_column_container col no-extra-padding inherit_tablet inherit_phone\"  data-padding-pos=\"all\" data-has-bg-color=\"false\" data-bg-color=\"\" data-bg-opacity=\"1\" data-animation=\"\" data-delay=\"0\" >\n\t\t<div class=\"vc_column-inner\" >\n\t\t\t<div class=\"wpb_wrapper\">\n\t\t\t\t\n\t<div class=\"wpb_raw_code wpb_content_element wpb_raw_html\" >\n\t\t<div class=\"wpb_wrapper\">\n\t\t\t<div id=\"da-thumbs\" class=\"da-thumbs\" lol=\"isotope\">\n    <div class=\"pentry item-w1 item-h1 tienda-muebles-de-bano-es isotope-item\">\n        <a href=\"\/fr\/brand\/paves\/\" title=\"PAV\u00c9S\">\n            <img decoding=\"async\" src=\"https:\/\/lebana.net\/wp-content\/uploads\/2023\/06\/LBPVSC3DNKN-1-scaled.jpg\"\n                alt=\"PAV\u00c9S\" class=\"img-responsive\">\n            <div><span>PAV\u00c9S<\/span>\n            <\/div>\n        <\/a>\n    <\/div>\n    <div class=\"pentry item-w1 item-h1 tienda-muebles-de-bano-es isotope-item\">\n        <a href=\"\/fr\/brand\/finit\/\" title=\"FINIT\">\n            <img decoding=\"async\" src=\"https:\/\/lebana.net\/wp-content\/uploads\/2023\/06\/LBFNTC2TNKC-1-scaled.jpg\"\n                alt=\"FINIT\" class=\"img-responsive\">\n            <div><span>FINIT<\/span>\n            <\/div>\n        <\/a>\n    <\/div>\n    <div class=\"pentry item-w1 item-h1 tienda-muebles-de-bano-es isotope-item\">\n        <a href=\"\/fr\/brand\/plan\/\" title=\"PLAN\">\n            <img decoding=\"async\" src=\"https:\/\/lebana.net\/wp-content\/uploads\/2023\/06\/LBPLNCBDNBN-1-scaled.jpg\"\n                alt=\"PLAN\" class=\"img-responsive\">\n            <div><span>PLAN<\/span>\n            <\/div>\n        <\/a>\n    <\/div>\n    <div class=\"pentry item-w1 item-h1 tienda-muebles-de-bano-es isotope-item\">\n        <a href=\"\/fr\/brand\/combine\/\" title=\"COMBIN\u00c9\">\n            <img decoding=\"async\" src=\"https:\/\/lebana.net\/wp-content\/uploads\/2023\/06\/LBCMBC3TNFB-1-scaled.jpg\"\n                alt=\"COMBIN\u00c9\" class=\"img-responsive\">\n            <div><span>COMBIN\u00c9<\/span>\n            <\/div>\n        <\/a>\n    <\/div>\n    <div class=\"pentry item-w1 item-h1 tienda-muebles-de-bano-es isotope-item\">\n        <a href=\"\/fr\/brand\/cadrage\/\" title=\"CADRAGE\">\n            <img decoding=\"async\" src=\"https:\/\/lebana.net\/wp-content\/uploads\/2023\/06\/LBCDRCBDHGB-1-scaled.jpg\"\n                alt=\"CADRAGE\" class=\"img-responsive\">\n            <div><span>CADRAGE<\/span>\n            <\/div>\n        <\/a>\n    <\/div>\n<div class=\"pentry item-w1 item-h1 tienda-muebles-de-bano-es isotope-item\">\n        <a href=\"\/fr\/brand\/equilibre\/\" title=\"\u00c9QUILIBR\u00c9\">\n            <img decoding=\"async\" src=\"https:\/\/lebana.net\/wp-content\/uploads\/2023\/06\/LBEQUL0QNFB-1-scaled.jpg\"\n                alt=\"\u00c9QUILIBRE\" class=\"img-responsive\">\n            <div><span>\u00c9QUILIBR\u00c9<\/span>\n            <\/div>\n        <\/a>\n    <\/div>\n    <div class=\"pentry item-w1 item-h1 tienda-muebles-de-bano-es isotope-item\">\n        <a href=\"\/fr\/brand\/calme\/\" title=\"CALME\">\n            <img decoding=\"async\" src=\"https:\/\/lebana.net\/wp-content\/uploads\/2023\/06\/LBCLMWBTNFB-1-scaled.jpg\"\n                alt=\"CALME\" class=\"img-responsive\">\n            <div><span>CALME<\/span>\n            <\/div>\n        <\/a>\n    <\/div>\n    <div class=\"pentry item-w1 item-h1 tienda-muebles-de-bano-es isotope-item\">\n        <a href=\"\/fr\/brand\/radieux\/\" title=\"RADIEUX\">\n            <img decoding=\"async\" src=\"https:\/\/lebana.net\/wp-content\/uploads\/2023\/06\/LBRDXW3DNKI-1-scaled.jpg\"\n                alt=\"RADIEUX\" class=\"img-responsive\">\n            <div><span>RADIEUX<\/span>\n            <\/div>\n        <\/a>\n    <\/div>\n    <div class=\"pentry item-w1 item-h1 tienda-muebles-de-bano-es isotope-item\">\n        <a href=\"\/fr\/brand\/armature\/\" title=\"ARMATURE\">\n            <img decoding=\"async\" src=\"https:\/\/lebana.net\/wp-content\/uploads\/2023\/06\/LBARMW2BHGB-1-scaled.jpg\"\n                alt=\"ARMATURE\" class=\"img-responsive\">\n            <div><span>ARMATURE<\/span>\n            <\/div>\n        <\/a>\n    <\/div>\n    <div class=\"pentry item-w1 item-h1 tienda-muebles-de-bano-es isotope-item\">\n        <a href=\"\/fr\/brand\/denivele\/\" title=\"D\u00c9NIVEL\u00c9\">\n            <img decoding=\"async\" src=\"https:\/\/lebana.net\/wp-content\/uploads\/2023\/06\/LBDNVC2TNKB-1-scaled.jpg\"\n                alt=\"D\u00c9NIVEL\u00c9\" class=\"img-responsive\">\n            <div><span>D\u00c9NIVEL\u00c9<\/span>\n            <\/div>\n        <\/a>\n    <\/div>\n    <div class=\"pentry item-w1 item-h1 tienda-muebles-de-bano-es isotope-item\">\n        <a href=\"\/fr\/brand\/canevas\/\" title=\"CANEVAS\">\n            <img decoding=\"async\" src=\"https:\/\/lebana.net\/wp-content\/uploads\/2023\/06\/LBCNVCBAHBC-1-scaled.jpg\"\n                alt=\"CANEVAS\" class=\"img-responsive\">\n            <div><span>CANEVAS<\/span>\n            <\/div>\n        <\/a>\n    <\/div>\n    <div class=\"pentry item-w1 item-h1 tienda-muebles-de-bano-es isotope-item\">\n        <a href=\"\/fr\/brand\/trame\/\" title=\"TRAME\">\n            <img decoding=\"async\" src=\"https:\/\/lebana.net\/wp-content\/uploads\/2023\/06\/LBTRMC3ANBB-1-scaled.jpg\"\n                alt=\"TRAME\" class=\"img-responsive\">\n            <div><span>TRAME<\/span>\n            <\/div>\n        <\/a>\n    <\/div>\n    <div class=\"pentry item-w1 item-h1 tienda-muebles-de-bano-es isotope-item\">\n        <a href=\"\/fr\/brand\/unique\/\" title=\"UNIQUE\">\n            <img decoding=\"async\" src=\"https:\/\/lebana.net\/wp-content\/uploads\/2022\/08\/P5UNQL0BHBB-1-scaled.jpg\"\n                alt=\"UNIQUE\" class=\"img-responsive\">\n            <div><span>UNIQUE<\/span>\n            <\/div>\n        <\/a>\n    <\/div>\n    <div class=\"pentry item-w1 item-h1 tienda-muebles-de-bano-es isotope-item\">\n        <a href=\"\/fr\/brand\/mini\/\" title=\"MINI\">\n            <img decoding=\"async\" src=\"https:\/\/lebana.net\/wp-content\/uploads\/2022\/08\/P4MINW2BDBC-1-scaled.jpg\"\n                alt=\"MINI\" class=\"img-responsive\">\n            <div><span>MINI<\/span><\/div>\n        <\/a>\n    <\/div>\n    <div class=\"pentry item-w1 item-h1 tienda-muebles-de-bano-es isotope-item\">\n        <a href=\"\/fr\/brand\/nordic\/\" title=\"NORDIQUE\">\n            <img decoding=\"async\" src=\"https:\/\/lebana.net\/wp-content\/uploads\/2022\/08\/P5NDCWBQHSI-1-scaled.jpg\"\n                alt=\"NORDIC\" class=\"img-responsive\">\n            <div><span>NORDIQUE<\/span>\n            <\/div>\n        <\/a>\n    <\/div>\n    <div class=\"pentry item-w1 item-h1 tienda-muebles-de-bano-es isotope-item\">\n        <a href=\"\/fr\/brand\/espace\/\" title=\"ESPACE\">\n            <img decoding=\"async\" src=\"https:\/\/lebana.net\/wp-content\/uploads\/2022\/08\/P4ESPW0QNSB-1-scaled.jpg\"\n                alt=\"ESPACE\" class=\"img-responsive\">\n            <div><span>ESPACE<\/span>\n            <\/div>\n        <\/a>\n    <\/div>\n    <div class=\"pentry item-w1 item-h1 tienda-muebles-de-bano-es isotope-item\">\n        <a href=\"\/fr\/brand\/industriel\/\" title=\"INDUSTRIEL\">\n            <img decoding=\"async\" src=\"https:\/\/lebana.net\/wp-content\/uploads\/2022\/08\/P5IDSW3SHGI-1-scaled.jpg\"\n                alt=\"INDUSTRIEL\" class=\"img-responsive\">\n            <div><span>INDUSTRIEL<\/span><\/div>\n        <\/a>\n    <\/div>\n    <div class=\"pentry item-w1 item-h1 tienda-muebles-de-bano-es isotope-item\">\n        <a href=\"\/fr\/brand\/ombre\/\" title=\"OMBR\u00c9\">\n            <img decoding=\"async\" src=\"https:\/\/lebana.net\/wp-content\/uploads\/2022\/08\/P4OMBW2SHBI-1-scaled.jpg\"\n                alt=\"OMBRE\" class=\"img-responsive\">\n            <div><span>OMBR\u00c9<\/span>\n            <\/div>\n        <\/a>\n    <\/div>\n    <div class=\"pentry item-w1 item-h1 tienda-muebles-de-bano-es isotope-item\">\n        <a href=\"\/fr\/brand\/deco\/\" title=\"D\u00c9CO\">\n            <img decoding=\"async\" src=\"https:\/\/lebana.net\/wp-content\/uploads\/2022\/08\/P4DECWBBHBC-1-scaled.jpg\"\n                alt=\"D\u00c9CO\" class=\"img-responsive\">\n            <div><span>D\u00c9CO<\/span><\/div>\n        <\/a>\n    <\/div>\n    <div class=\"pentry item-w1 item-h1 tienda-muebles-de-bano-es isotope-item\">\n        <a href=\"\/fr\/brand\/TERRA\/\" title=\"TERRA\">\n            <img decoding=\"async\" src=\"https:\/\/lebana.net\/wp-content\/uploads\/2022\/08\/P4TERW0TNKB-1-scaled.jpg\"\n                alt=\"TERRA\" class=\"img-responsive\">\n            <div><span>TERRA<\/span><\/div>\n        <\/a>\n    <\/div>\n    <div class=\"pentry item-w1 item-h1 tienda-muebles-de-bano-es isotope-item\">\n        <a href=\"https:\/\/lebana.net\/fr\/complementos\/\" title=\"ACCESSOIRES\">\n            <img decoding=\"async\" src=\"https:\/\/lebana.net\/wp-content\/uploads\/2022\/10\/ACPLWBHAGN-1-scaled.jpg\"\n                alt=\"COMPLEMENTOS\" class=\"img-responsive\">\n            <div><span>ACCESSOIRES<\/span><\/div>\n        <\/a>\n    <\/div>\n    <div class=\"pentry item-w1 item-h1 tienda-muebles-de-bano-es isotope-item\">\n        <a href=\"\/fr\/brand\/DEUX\/\" title=\"DEUX\">\n            <img decoding=\"async\" src=\"https:\/\/lebana.net\/wp-content\/uploads\/2022\/08\/P5DEXL6DDBL-1-scaled.jpg\"\n                alt=\"DEUX\" class=\"img-responsive\">\n            <div><span>DEUX<\/span><\/div>\n        <\/a>\n    <\/div>\n    <div class=\"pentry item-w1 item-h1 tienda-muebles-de-bano-es isotope-item\">\n        <a href=\"\/fr\/brand\/NATUREL\/\" title=\"NATUREL\">\n            <img decoding=\"async\" src=\"https:\/\/lebana.net\/wp-content\/uploads\/2022\/10\/P5NTLL6GHBB-1-scaled.jpg\"\n                alt=\"NATUREL\" class=\"img-responsive\">\n            <div><span>NATUREL<\/span><\/div>\n        <\/a>\n    <\/div>\n    <div class=\"pentry item-w1 item-h1 tienda-muebles-de-bano-es isotope-item\">\n        <a href=\"\/fr\/brand\/DOR\u00c9\/\" title=\"DOR\u00c9\">\n            <img decoding=\"async\" src=\"https:\/\/lebana.net\/wp-content\/uploads\/2022\/10\/P5DORW3DEBC-1-scaled.jpg\"\n                alt=\"DOR\u00c9\" class=\"img-responsive\">\n            <div><span>DOR\u00c9<\/span><\/div>\n        <\/a>\n    <\/div>\n    <div class=\"pentry item-w1 item-h1 tienda-muebles-de-bano-es isotope-item\">\n        <a href=\"\/fr\/brand\/ORDRE\/\" title=\"ORDRE\">\n            <img decoding=\"async\" src=\"https:\/\/lebana.net\/wp-content\/uploads\/2022\/08\/P4ORDL6NHSB-1-scaled.jpg\"\n                alt=\"ORDRE\" class=\"img-responsive\">\n            <div><span>ORDRE<\/span><\/div>\n        <\/a>\n    <\/div>\n    <div class=\"pentry item-w1 item-h1 tienda-muebles-de-bano-es isotope-item\">\n        <a href=\"https:\/\/lebana.net\/fr\/brand\/accesorios\/\" title=\"ACCESSOIRES\">\n            <img decoding=\"async\" src=\"https:\/\/lebana.net\/wp-content\/uploads\/2023\/01\/ACCESORIOS-scaled.jpg\"\n                alt=\"ACCESORIOS\" class=\"img-responsive\">\n            <div><span>ACCESSOIRES<\/span><\/div>\n        <\/a>\n    <\/div>\n    <div class=\"pentry item-w1 item-h1 tienda-muebles-de-bano-es isotope-item\">\n        <a href=\"https:\/\/lebana.net\/fr\/product-category\/accesorios\/espejos\/\" title=\"MIROIRS\">\n            <img decoding=\"async\" src=\"https:\/\/lebana.net\/wp-content\/uploads\/2023\/01\/ESPEJOS-scaled.jpg\"\n                alt=\"ESPEJOS\" class=\"img-responsive\">\n            <div><span>MIROIRS<\/span><\/div>\n        <\/a>\n    <\/div>\n    <div class=\"pentry item-w1 item-h1 tienda-muebles-de-bano-es isotope-item\">\n        <a href=\"https:\/\/lebana.net\/fr\/brand\/grifos\/\" title=\"ROBINETS\">\n            <img decoding=\"async\" src=\"https:\/\/lebana.net\/wp-content\/uploads\/2023\/01\/GRIFOS-scaled.jpg\"\n                alt=\"GRIFOS\" class=\"img-responsive\">\n            <div><span>ROBINETS<\/span><\/div>\n        <\/a>\n    <\/div>\n\n<\/div>\n\t\t<\/div>\n\t<\/div>\n\n\t<div class=\"wpb_raw_code wpb_content_element wpb_raw_html\" >\n\t\t<div class=\"wpb_wrapper\">\n\t\t\t<script type=\"text\/javascript\" src=\"https:\/\/emene.com\/wp-content\/themes\/salient\/js\/plugins.js\"><\/script>\n\t\t<script type=\"text\/javascript\" src=\"https:\/\/emene.com\/wp-content\/themes\/salient\/js\/hover.js\"><\/script>\n\t\t<script type=\"text\/javascript\" src=\"https:\/\/emene.com\/wp-content\/themes\/salient\/js\/banner-grid.js\"><\/script>\n\t\t<\/div>\n\t<\/div>\n\n\t\t\t<\/div> \n\t\t<\/div>\n\t<\/div> \n<\/div><\/div>","protected":false},"excerpt":{"rendered":"nos produits PAV\u00c9S FINIT PLAN COMBIN\u00c9 CADRAGE \u00c9QUILIBRE CALME RADIEUX ARMATURE D\u00c9NIVEL\u00c9 CANEVAS TRAME UNIQUE MINI NORDIC ESPACE INDUSTRIEL OMBRE D\u00c9CO TERRA COMPLEMENTS DEUX NATUREL DOR\u00c9 ORDRE ACCESORIOS ESPEJOS GRIFOS GRIFOS","protected":false},"author":1,"featured_media":0,"parent":0,"menu_order":0,"comment_status":"closed","ping_status":"closed","template":"","meta":{"footnotes":""},"class_list":["post-3209","page","type-page","status-publish"],"yoast_head":"<!-- This site is optimized with the Yoast SEO plugin v21.6 - https:\/\/yoast.com\/wordpress\/plugins\/seo\/ -->\n<title>Tienda - lebana<\/title>\n<meta name=\"robots\" content=\"index, follow, max-snippet:-1, max-image-preview:large, max-video-preview:-1\" \/>\n<link rel=\"canonical\" href=\"https:\/\/lebana.net\/fr\/tienda\/\" \/>\n<meta property=\"og:locale\" content=\"fr_FR\" \/>\n<meta property=\"og:type\" content=\"article\" \/>\n<meta property=\"og:title\" content=\"Tienda - lebana\" \/>\n<meta property=\"og:url\" content=\"https:\/\/lebana.net\/fr\/tienda\/\" \/>\n<meta property=\"og:site_name\" content=\"lebana\" \/>\n<meta property=\"article:modified_time\" content=\"2023-12-09T13:08:12+00:00\" \/>\n<meta name=\"twitter:card\" content=\"summary_large_image\" \/>\n<meta name=\"twitter:label1\" content=\"Dur\u00e9e de lecture estim\u00e9e\" \/>\n\t<meta name=\"twitter:data1\" content=\"1 minute\" \/>\n<script type=\"application\/ld+json\" class=\"yoast-schema-graph\">{\"@context\":\"https:\/\/schema.org\",\"@graph\":[{\"@type\":\"WebPage\",\"@id\":\"https:\/\/lebana.net\/tienda\/\",\"url\":\"https:\/\/lebana.net\/tienda\/\",\"name\":\"Tienda - lebana\",\"isPartOf\":{\"@id\":\"https:\/\/lebana.net\/es\/#website\"},\"datePublished\":\"2022-10-20T22:59:39+00:00\",\"dateModified\":\"2023-12-09T13:08:12+00:00\",\"breadcrumb\":{\"@id\":\"https:\/\/lebana.net\/tienda\/#breadcrumb\"},\"inLanguage\":\"fr-FR\",\"potentialAction\":[{\"@type\":\"ReadAction\",\"target\":[\"https:\/\/lebana.net\/tienda\/\"]}]},{\"@type\":\"BreadcrumbList\",\"@id\":\"https:\/\/lebana.net\/tienda\/#breadcrumb\",\"itemListElement\":[{\"@type\":\"ListItem\",\"position\":1,\"name\":\"Portada\",\"item\":\"https:\/\/lebana.net\/\"},{\"@type\":\"ListItem\",\"position\":2,\"name\":\"Tienda\"}]},{\"@type\":\"WebSite\",\"@id\":\"https:\/\/lebana.net\/es\/#website\",\"url\":\"https:\/\/lebana.net\/es\/\",\"name\":\"lebana\",\"description\":\"\",\"publisher\":{\"@id\":\"https:\/\/lebana.net\/es\/#organization\"},\"potentialAction\":[{\"@type\":\"SearchAction\",\"target\":{\"@type\":\"EntryPoint\",\"urlTemplate\":\"https:\/\/lebana.net\/es\/?s={search_term_string}\"},\"query-input\":\"required name=search_term_string\"}],\"inLanguage\":\"fr-FR\"},{\"@type\":\"Organization\",\"@id\":\"https:\/\/lebana.net\/es\/#organization\",\"name\":\"lebana\",\"url\":\"https:\/\/lebana.net\/es\/\",\"logo\":{\"@type\":\"ImageObject\",\"inLanguage\":\"fr-FR\",\"@id\":\"https:\/\/lebana.net\/es\/#\/schema\/logo\/image\/\",\"url\":null,\"contentUrl\":null,\"width\":\"1024\",\"height\":\"1024\",\"caption\":\"lebana\"},\"image\":{\"@id\":\"https:\/\/lebana.net\/es\/#\/schema\/logo\/image\/\"}}]}<\/script>\n<!-- \/ Yoast SEO plugin. -->","yoast_head_json":{"title":"Tienda - lebana","robots":{"index":"index","follow":"follow","max-snippet":"max-snippet:-1","max-image-preview":"max-image-preview:large","max-video-preview":"max-video-preview:-1"},"canonical":"https:\/\/lebana.net\/fr\/tienda\/","og_locale":"fr_FR","og_type":"article","og_title":"Tienda - lebana","og_url":"https:\/\/lebana.net\/fr\/tienda\/","og_site_name":"lebana","article_modified_time":"2023-12-09T13:08:12+00:00","twitter_card":"summary_large_image","twitter_misc":{"Dur\u00e9e de lecture estim\u00e9e":"1 minute"},"schema":{"@context":"https:\/\/schema.org","@graph":[{"@type":"WebPage","@id":"https:\/\/lebana.net\/tienda\/","url":"https:\/\/lebana.net\/tienda\/","name":"Tienda - lebana","isPartOf":{"@id":"https:\/\/lebana.net\/es\/#website"},"datePublished":"2022-10-20T22:59:39+00:00","dateModified":"2023-12-09T13:08:12+00:00","breadcrumb":{"@id":"https:\/\/lebana.net\/tienda\/#breadcrumb"},"inLanguage":"fr-FR","potentialAction":[{"@type":"ReadAction","target":["https:\/\/lebana.net\/tienda\/"]}]},{"@type":"BreadcrumbList","@id":"https:\/\/lebana.net\/tienda\/#breadcrumb","itemListElement":[{"@type":"ListItem","position":1,"name":"Portada","item":"https:\/\/lebana.net\/"},{"@type":"ListItem","position":2,"name":"Tienda"}]},{"@type":"WebSite","@id":"https:\/\/lebana.net\/es\/#website","url":"https:\/\/lebana.net\/es\/","name":"lebana","description":"","publisher":{"@id":"https:\/\/lebana.net\/es\/#organization"},"potentialAction":[{"@type":"SearchAction","target":{"@type":"EntryPoint","urlTemplate":"https:\/\/lebana.net\/es\/?s={search_term_string}"},"query-input":"required name=search_term_string"}],"inLanguage":"fr-FR"},{"@type":"Organization","@id":"https:\/\/lebana.net\/es\/#organization","name":"lebana","url":"https:\/\/lebana.net\/es\/","logo":{"@type":"ImageObject","inLanguage":"fr-FR","@id":"https:\/\/lebana.net\/es\/#\/schema\/logo\/image\/","url":null,"contentUrl":null,"width":"1024","height":"1024","caption":"lebana"},"image":{"@id":"https:\/\/lebana.net\/es\/#\/schema\/logo\/image\/"}}]}},"_links":{"self":[{"href":"https:\/\/lebana.net\/fr\/wp-json\/wp\/v2\/pages\/3209","targetHints":{"allow":["GET"]}}],"collection":[{"href":"https:\/\/lebana.net\/fr\/wp-json\/wp\/v2\/pages"}],"about":[{"href":"https:\/\/lebana.net\/fr\/wp-json\/wp\/v2\/types\/page"}],"author":[{"embeddable":true,"href":"https:\/\/lebana.net\/fr\/wp-json\/wp\/v2\/users\/1"}],"replies":[{"embeddable":true,"href":"https:\/\/lebana.net\/fr\/wp-json\/wp\/v2\/comments?post=3209"}],"version-history":[{"count":1,"href":"https:\/\/lebana.net\/fr\/wp-json\/wp\/v2\/pages\/3209\/revisions"}],"predecessor-version":[{"id":4463,"href":"https:\/\/lebana.net\/fr\/wp-json\/wp\/v2\/pages\/3209\/revisions\/4463"}],"wp:attachment":[{"href":"https:\/\/lebana.net\/fr\/wp-json\/wp\/v2\/media?parent=3209"}],"curies":[{"name":"wp","href":"https:\/\/api.w.org\/{rel}","templated":true}]}}