{"id":1696,"date":"2022-08-25T11:39:40","date_gmt":"2022-08-25T09:39:40","guid":{"rendered":"https:\/\/lebana.net\/product\/pack-espace-lavabo-sobreencimera-espejo-foco-led\/"},"modified":"2022-08-25T11:40:06","modified_gmt":"2022-08-25T09:40:06","slug":"pack-espace-lavabo-sobreencimera-espejo-foco-led","status":"publish","type":"product","link":"https:\/\/lebana.net\/es\/product\/pack-espace-lavabo-sobreencimera-espejo-foco-led\/","title":{"rendered":"Pack ESPACE + lavabo sobreencimera + espejo + foco LED"},"content":{"rendered":"<p>Pack de ba\u00f1o compuesto por un mueble de ba\u00f1o, lavabo, espejo y aplique con iluminaci\u00f3n LED.<br \/>\nMueble fabricado en tablero de part\u00edculas de 19 mm con recubrimiento melam\u00ednico. Baja emisi\u00f3n de formaldeh\u00eddo, caracter\u00edsticas de superficie \u00f3ptimas (como resistencia al desgaste o al rayado) seg\u00fan EN14322. Superficie antibacteriana seg\u00fan la norma ISO 22196.<br \/>\nCajones met\u00e1licos de doble pared de est\u00e9tica\u00a0minimalista, de\u00a0costillas finas y l\u00edneas rectas. Cierre\u00a0amortiguado\u00a0y una capacidad de carga de\u00a025 kg. Gu\u00eda de caj\u00f3n fabricada en acero y en acabado cincado. Caj\u00f3n con\u00a0accesibilidad total y espacio trasero disponible.<br \/>\nColgadores con sistema antidescolgamiento y regulaci\u00f3n horizontal y vertical. Peso soportado 240 kg (120 kg por colgador). Cantos realizados en PVC de 1 mm.<br \/>\nIncluye lavabo de cer\u00e1mica blanco brillo. Incluye espejo y aplique iluminaci\u00f3n LED, IP65, 8,4W, 910lm y temperatura de la luz 6000K.<br \/>\nEl mueble se sirve montado, preparado para colgar a la pared. Se incluye kit para la colocaci\u00f3n del mueble. Grifo y sif\u00f3n no incluidos. Fabricado en Espa\u00f1a.<\/p>\n","protected":false},"excerpt":{"rendered":"<p>Pack de ba\u00f1o compuesto por un mueble de ba\u00f1o, lavabo, espejo y aplique con iluminaci\u00f3n LED. Mueble fabricado en tablero de part\u00edculas de 19 mm con recubrimiento melam\u00ednico. Baja emisi\u00f3n&#8230;<\/p>\n","protected":false},"featured_media":1059,"comment_status":"closed","ping_status":"open","template":"","meta":[],"pwb-brand":[70],"product_cat":[59],"product_tag":[],"class_list":{"0":"post-1696","1":"product","2":"type-product","3":"status-publish","4":"has-post-thumbnail","6":"pwb-brand-espace","7":"product_cat-muebles-de-bano"},"yoast_head":"<!-- This site is optimized with the Yoast SEO plugin v21.6 - https:\/\/yoast.com\/wordpress\/plugins\/seo\/ -->\n<title>Pack ESPACE + lavabo sobreencimera + espejo + foco LED - lebana<\/title>\n<meta name=\"robots\" content=\"index, follow, max-snippet:-1, max-image-preview:large, max-video-preview:-1\" \/>\n<link rel=\"canonical\" href=\"https:\/\/lebana.net\/es\/product\/pack-espace-lavabo-sobreencimera-espejo-foco-led\/\" \/>\n<meta property=\"og:locale\" content=\"es_ES\" \/>\n<meta property=\"og:type\" content=\"article\" \/>\n<meta property=\"og:title\" content=\"Pack ESPACE + lavabo sobreencimera + espejo + foco LED - lebana\" \/>\n<meta property=\"og:description\" content=\"Pack de ba\u00f1o compuesto por un mueble de ba\u00f1o, lavabo, espejo y aplique con iluminaci\u00f3n LED. Mueble fabricado en tablero de part\u00edculas de 19 mm con recubrimiento melam\u00ednico. Baja emisi\u00f3n...\" \/>\n<meta property=\"og:url\" content=\"https:\/\/lebana.net\/es\/product\/pack-espace-lavabo-sobreencimera-espejo-foco-led\/\" \/>\n<meta property=\"og:site_name\" content=\"lebana\" \/>\n<meta property=\"article:modified_time\" content=\"2022-08-25T09:40:06+00:00\" \/>\n<meta property=\"og:image\" content=\"https:\/\/lebana.net\/wp-content\/uploads\/2022\/08\/P4ESPL0SESC-1-scaled.jpg\" \/>\n\t<meta property=\"og:image:width\" content=\"2560\" \/>\n\t<meta property=\"og:image:height\" content=\"2134\" \/>\n\t<meta property=\"og:image:type\" content=\"image\/jpeg\" \/>\n<meta name=\"twitter:card\" content=\"summary_large_image\" \/>\n<meta name=\"twitter:label1\" content=\"Tiempo de lectura\" \/>\n\t<meta name=\"twitter:data1\" content=\"1 minuto\" \/>\n<script type=\"application\/ld+json\" class=\"yoast-schema-graph\">{\"@context\":\"https:\/\/schema.org\",\"@graph\":[{\"@type\":\"WebPage\",\"@id\":\"https:\/\/lebana.net\/es\/product\/pack-espace-lavabo-sobreencimera-espejo-foco-led\/\",\"url\":\"https:\/\/lebana.net\/es\/product\/pack-espace-lavabo-sobreencimera-espejo-foco-led\/\",\"name\":\"Pack ESPACE + lavabo sobreencimera + espejo + foco LED - lebana\",\"isPartOf\":{\"@id\":\"https:\/\/lebana.net\/es\/#website\"},\"datePublished\":\"2022-08-25T09:39:40+00:00\",\"dateModified\":\"2022-08-25T09:40:06+00:00\",\"breadcrumb\":{\"@id\":\"https:\/\/lebana.net\/es\/product\/pack-espace-lavabo-sobreencimera-espejo-foco-led\/#breadcrumb\"},\"inLanguage\":\"es\",\"potentialAction\":[{\"@type\":\"ReadAction\",\"target\":[\"https:\/\/lebana.net\/es\/product\/pack-espace-lavabo-sobreencimera-espejo-foco-led\/\"]}]},{\"@type\":\"BreadcrumbList\",\"@id\":\"https:\/\/lebana.net\/es\/product\/pack-espace-lavabo-sobreencimera-espejo-foco-led\/#breadcrumb\",\"itemListElement\":[{\"@type\":\"ListItem\",\"position\":1,\"name\":\"Portada\",\"item\":\"https:\/\/lebana.net\/\"},{\"@type\":\"ListItem\",\"position\":2,\"name\":\"Tienda\",\"item\":\"https:\/\/lebana.net\/es\/shop-2\/\"},{\"@type\":\"ListItem\",\"position\":3,\"name\":\"Pack ESPACE + lavabo sobreencimera + espejo + foco LED\"}]},{\"@type\":\"WebSite\",\"@id\":\"https:\/\/lebana.net\/es\/#website\",\"url\":\"https:\/\/lebana.net\/es\/\",\"name\":\"lebana\",\"description\":\"\",\"publisher\":{\"@id\":\"https:\/\/lebana.net\/es\/#organization\"},\"potentialAction\":[{\"@type\":\"SearchAction\",\"target\":{\"@type\":\"EntryPoint\",\"urlTemplate\":\"https:\/\/lebana.net\/es\/?s={search_term_string}\"},\"query-input\":\"required name=search_term_string\"}],\"inLanguage\":\"es\"},{\"@type\":\"Organization\",\"@id\":\"https:\/\/lebana.net\/es\/#organization\",\"name\":\"lebana\",\"url\":\"https:\/\/lebana.net\/es\/\",\"logo\":{\"@type\":\"ImageObject\",\"inLanguage\":\"es\",\"@id\":\"https:\/\/lebana.net\/es\/#\/schema\/logo\/image\/\",\"url\":null,\"contentUrl\":null,\"width\":\"1024\",\"height\":\"1024\",\"caption\":\"lebana\"},\"image\":{\"@id\":\"https:\/\/lebana.net\/es\/#\/schema\/logo\/image\/\"}}]}<\/script>\n<!-- \/ Yoast SEO plugin. -->","yoast_head_json":{"title":"Pack ESPACE + lavabo sobreencimera + espejo + foco LED - lebana","robots":{"index":"index","follow":"follow","max-snippet":"max-snippet:-1","max-image-preview":"max-image-preview:large","max-video-preview":"max-video-preview:-1"},"canonical":"https:\/\/lebana.net\/es\/product\/pack-espace-lavabo-sobreencimera-espejo-foco-led\/","og_locale":"es_ES","og_type":"article","og_title":"Pack ESPACE + lavabo sobreencimera + espejo + foco LED - lebana","og_description":"Pack de ba\u00f1o compuesto por un mueble de ba\u00f1o, lavabo, espejo y aplique con iluminaci\u00f3n LED. Mueble fabricado en tablero de part\u00edculas de 19 mm con recubrimiento melam\u00ednico. Baja emisi\u00f3n...","og_url":"https:\/\/lebana.net\/es\/product\/pack-espace-lavabo-sobreencimera-espejo-foco-led\/","og_site_name":"lebana","article_modified_time":"2022-08-25T09:40:06+00:00","og_image":[{"width":2560,"height":2134,"url":"https:\/\/lebana.net\/wp-content\/uploads\/2022\/08\/P4ESPL0SESC-1-scaled.jpg","type":"image\/jpeg"}],"twitter_card":"summary_large_image","twitter_misc":{"Tiempo de lectura":"1 minuto"},"schema":{"@context":"https:\/\/schema.org","@graph":[{"@type":"WebPage","@id":"https:\/\/lebana.net\/es\/product\/pack-espace-lavabo-sobreencimera-espejo-foco-led\/","url":"https:\/\/lebana.net\/es\/product\/pack-espace-lavabo-sobreencimera-espejo-foco-led\/","name":"Pack ESPACE + lavabo sobreencimera + espejo + foco LED - lebana","isPartOf":{"@id":"https:\/\/lebana.net\/es\/#website"},"datePublished":"2022-08-25T09:39:40+00:00","dateModified":"2022-08-25T09:40:06+00:00","breadcrumb":{"@id":"https:\/\/lebana.net\/es\/product\/pack-espace-lavabo-sobreencimera-espejo-foco-led\/#breadcrumb"},"inLanguage":"es","potentialAction":[{"@type":"ReadAction","target":["https:\/\/lebana.net\/es\/product\/pack-espace-lavabo-sobreencimera-espejo-foco-led\/"]}]},{"@type":"BreadcrumbList","@id":"https:\/\/lebana.net\/es\/product\/pack-espace-lavabo-sobreencimera-espejo-foco-led\/#breadcrumb","itemListElement":[{"@type":"ListItem","position":1,"name":"Portada","item":"https:\/\/lebana.net\/"},{"@type":"ListItem","position":2,"name":"Tienda","item":"https:\/\/lebana.net\/es\/shop-2\/"},{"@type":"ListItem","position":3,"name":"Pack ESPACE + lavabo sobreencimera + espejo + foco LED"}]},{"@type":"WebSite","@id":"https:\/\/lebana.net\/es\/#website","url":"https:\/\/lebana.net\/es\/","name":"lebana","description":"","publisher":{"@id":"https:\/\/lebana.net\/es\/#organization"},"potentialAction":[{"@type":"SearchAction","target":{"@type":"EntryPoint","urlTemplate":"https:\/\/lebana.net\/es\/?s={search_term_string}"},"query-input":"required name=search_term_string"}],"inLanguage":"es"},{"@type":"Organization","@id":"https:\/\/lebana.net\/es\/#organization","name":"lebana","url":"https:\/\/lebana.net\/es\/","logo":{"@type":"ImageObject","inLanguage":"es","@id":"https:\/\/lebana.net\/es\/#\/schema\/logo\/image\/","url":null,"contentUrl":null,"width":"1024","height":"1024","caption":"lebana"},"image":{"@id":"https:\/\/lebana.net\/es\/#\/schema\/logo\/image\/"}}]}},"brands":[{"id":70,"name":"ESPACE","slug":"espace"}],"_links":{"self":[{"href":"https:\/\/lebana.net\/es\/wp-json\/wp\/v2\/product\/1696","targetHints":{"allow":["GET"]}}],"collection":[{"href":"https:\/\/lebana.net\/es\/wp-json\/wp\/v2\/product"}],"about":[{"href":"https:\/\/lebana.net\/es\/wp-json\/wp\/v2\/types\/product"}],"replies":[{"embeddable":true,"href":"https:\/\/lebana.net\/es\/wp-json\/wp\/v2\/comments?post=1696"}],"wp:featuredmedia":[{"embeddable":true,"href":"https:\/\/lebana.net\/es\/wp-json\/wp\/v2\/media\/1059"}],"wp:attachment":[{"href":"https:\/\/lebana.net\/es\/wp-json\/wp\/v2\/media?parent=1696"}],"wp:term":[{"taxonomy":"pwb-brand","embeddable":true,"href":"https:\/\/lebana.net\/es\/wp-json\/wp\/v2\/pwb-brand?post=1696"},{"taxonomy":"product_cat","embeddable":true,"href":"https:\/\/lebana.net\/es\/wp-json\/wp\/v2\/product_cat?post=1696"},{"taxonomy":"product_tag","embeddable":true,"href":"https:\/\/lebana.net\/es\/wp-json\/wp\/v2\/product_tag?post=1696"}],"curies":[{"name":"wp","href":"https:\/\/api.w.org\/{rel}","templated":true}]}}