{"id":1554,"date":"2022-08-25T11:38:01","date_gmt":"2022-08-25T09:38:01","guid":{"rendered":"https:\/\/lebana.net\/product\/complemento-deco\/"},"modified":"2022-08-25T11:38:14","modified_gmt":"2022-08-25T09:38:14","slug":"complemento-deco","status":"publish","type":"product","link":"https:\/\/lebana.net\/es\/product\/complemento-deco\/","title":{"rendered":"Complemento Deco"},"content":{"rendered":"<p>Columna auxiliar, perfecta para ampliar el espacio de almacenaje del ba\u00f1o. Ideal para combinar con todos nuestros muebles de ba\u00f1o. Estilo sencillo que se adapta a cualquier espacio.<br \/>\nMueble fabricado en tablero de part\u00edculas de 19 mm con recubrimiento melam\u00ednico. Baja emisi\u00f3n de formaldeh\u00eddo, caracter\u00edsticas de superficie \u00f3ptimas (como resistencia al desgaste o al rayado) seg\u00fan EN14322. Superficie antibacteriana seg\u00fan la norma ISO 22196.<br \/>\nBisagra equipada con un pist\u00f3n amortiguador para el cierre suave de la puerta, fabricada en acero con acabado niquelado para mayor protecci\u00f3n de la pieza. Regulaci\u00f3n tridimensional para mayor precisi\u00f3n y mejor empalme.<br \/>\nColgadores a pared con regulaci\u00f3n en 3 ejes y con capacidad de carga de 65Kg por colgador seg\u00fan DIN-68840 certificado por LGA. Cantos realizados en PVC de 1 mm.<br \/>\nSe sirve completamente montado y con todo lo necesario para colgar a la pared. Fabricado en Espa\u00f1a.<\/p>\n","protected":false},"excerpt":{"rendered":"<p>Columna auxiliar, perfecta para ampliar el espacio de almacenaje del ba\u00f1o. Ideal para combinar con todos nuestros muebles de ba\u00f1o. Estilo sencillo que se adapta a cualquier espacio. Mueble fabricado&#8230;<\/p>\n","protected":false},"featured_media":2875,"comment_status":"closed","ping_status":"open","template":"","meta":[],"pwb-brand":[53],"product_cat":[54],"product_tag":[],"class_list":{"0":"post-1554","1":"product","2":"type-product","3":"status-publish","4":"has-post-thumbnail","6":"pwb-brand-complementos","7":"product_cat-muebles-auxiliares"},"yoast_head":"<!-- This site is optimized with the Yoast SEO plugin v21.6 - https:\/\/yoast.com\/wordpress\/plugins\/seo\/ -->\n<title>Complemento Deco - lebana<\/title>\n<meta name=\"robots\" content=\"index, follow, max-snippet:-1, max-image-preview:large, max-video-preview:-1\" \/>\n<link rel=\"canonical\" href=\"https:\/\/lebana.net\/es\/product\/complemento-deco\/\" \/>\n<meta property=\"og:locale\" content=\"es_ES\" \/>\n<meta property=\"og:type\" content=\"article\" \/>\n<meta property=\"og:title\" content=\"Complemento Deco - lebana\" \/>\n<meta property=\"og:description\" content=\"Columna auxiliar, perfecta para ampliar el espacio de almacenaje del ba\u00f1o. Ideal para combinar con todos nuestros muebles de ba\u00f1o. Estilo sencillo que se adapta a cualquier espacio. Mueble fabricado...\" \/>\n<meta property=\"og:url\" content=\"https:\/\/lebana.net\/es\/product\/complemento-deco\/\" \/>\n<meta property=\"og:site_name\" content=\"lebana\" \/>\n<meta property=\"article:modified_time\" content=\"2022-08-25T09:38:14+00:00\" \/>\n<meta property=\"og:image\" content=\"https:\/\/lebana.net\/wp-content\/uploads\/2022\/10\/ACPLL0HABN-1-scaled.jpg\" \/>\n\t<meta property=\"og:image:width\" content=\"2560\" \/>\n\t<meta property=\"og:image:height\" content=\"2327\" \/>\n\t<meta property=\"og:image:type\" content=\"image\/jpeg\" \/>\n<meta name=\"twitter:card\" content=\"summary_large_image\" \/>\n<meta name=\"twitter:label1\" content=\"Tiempo de lectura\" \/>\n\t<meta name=\"twitter:data1\" content=\"1 minuto\" \/>\n<script type=\"application\/ld+json\" class=\"yoast-schema-graph\">{\"@context\":\"https:\/\/schema.org\",\"@graph\":[{\"@type\":\"WebPage\",\"@id\":\"https:\/\/lebana.net\/es\/product\/complemento-deco\/\",\"url\":\"https:\/\/lebana.net\/es\/product\/complemento-deco\/\",\"name\":\"Complemento Deco - lebana\",\"isPartOf\":{\"@id\":\"https:\/\/lebana.net\/es\/#website\"},\"datePublished\":\"2022-08-25T09:38:01+00:00\",\"dateModified\":\"2022-08-25T09:38:14+00:00\",\"breadcrumb\":{\"@id\":\"https:\/\/lebana.net\/es\/product\/complemento-deco\/#breadcrumb\"},\"inLanguage\":\"es\",\"potentialAction\":[{\"@type\":\"ReadAction\",\"target\":[\"https:\/\/lebana.net\/es\/product\/complemento-deco\/\"]}]},{\"@type\":\"BreadcrumbList\",\"@id\":\"https:\/\/lebana.net\/es\/product\/complemento-deco\/#breadcrumb\",\"itemListElement\":[{\"@type\":\"ListItem\",\"position\":1,\"name\":\"Portada\",\"item\":\"https:\/\/lebana.net\/\"},{\"@type\":\"ListItem\",\"position\":2,\"name\":\"Tienda\",\"item\":\"https:\/\/lebana.net\/es\/shop-2\/\"},{\"@type\":\"ListItem\",\"position\":3,\"name\":\"Complemento Deco\"}]},{\"@type\":\"WebSite\",\"@id\":\"https:\/\/lebana.net\/es\/#website\",\"url\":\"https:\/\/lebana.net\/es\/\",\"name\":\"lebana\",\"description\":\"\",\"publisher\":{\"@id\":\"https:\/\/lebana.net\/es\/#organization\"},\"potentialAction\":[{\"@type\":\"SearchAction\",\"target\":{\"@type\":\"EntryPoint\",\"urlTemplate\":\"https:\/\/lebana.net\/es\/?s={search_term_string}\"},\"query-input\":\"required name=search_term_string\"}],\"inLanguage\":\"es\"},{\"@type\":\"Organization\",\"@id\":\"https:\/\/lebana.net\/es\/#organization\",\"name\":\"lebana\",\"url\":\"https:\/\/lebana.net\/es\/\",\"logo\":{\"@type\":\"ImageObject\",\"inLanguage\":\"es\",\"@id\":\"https:\/\/lebana.net\/es\/#\/schema\/logo\/image\/\",\"url\":null,\"contentUrl\":null,\"width\":\"1024\",\"height\":\"1024\",\"caption\":\"lebana\"},\"image\":{\"@id\":\"https:\/\/lebana.net\/es\/#\/schema\/logo\/image\/\"}}]}<\/script>\n<!-- \/ Yoast SEO plugin. -->","yoast_head_json":{"title":"Complemento Deco - lebana","robots":{"index":"index","follow":"follow","max-snippet":"max-snippet:-1","max-image-preview":"max-image-preview:large","max-video-preview":"max-video-preview:-1"},"canonical":"https:\/\/lebana.net\/es\/product\/complemento-deco\/","og_locale":"es_ES","og_type":"article","og_title":"Complemento Deco - lebana","og_description":"Columna auxiliar, perfecta para ampliar el espacio de almacenaje del ba\u00f1o. Ideal para combinar con todos nuestros muebles de ba\u00f1o. Estilo sencillo que se adapta a cualquier espacio. Mueble fabricado...","og_url":"https:\/\/lebana.net\/es\/product\/complemento-deco\/","og_site_name":"lebana","article_modified_time":"2022-08-25T09:38:14+00:00","og_image":[{"width":2560,"height":2327,"url":"https:\/\/lebana.net\/wp-content\/uploads\/2022\/10\/ACPLL0HABN-1-scaled.jpg","type":"image\/jpeg"}],"twitter_card":"summary_large_image","twitter_misc":{"Tiempo de lectura":"1 minuto"},"schema":{"@context":"https:\/\/schema.org","@graph":[{"@type":"WebPage","@id":"https:\/\/lebana.net\/es\/product\/complemento-deco\/","url":"https:\/\/lebana.net\/es\/product\/complemento-deco\/","name":"Complemento Deco - lebana","isPartOf":{"@id":"https:\/\/lebana.net\/es\/#website"},"datePublished":"2022-08-25T09:38:01+00:00","dateModified":"2022-08-25T09:38:14+00:00","breadcrumb":{"@id":"https:\/\/lebana.net\/es\/product\/complemento-deco\/#breadcrumb"},"inLanguage":"es","potentialAction":[{"@type":"ReadAction","target":["https:\/\/lebana.net\/es\/product\/complemento-deco\/"]}]},{"@type":"BreadcrumbList","@id":"https:\/\/lebana.net\/es\/product\/complemento-deco\/#breadcrumb","itemListElement":[{"@type":"ListItem","position":1,"name":"Portada","item":"https:\/\/lebana.net\/"},{"@type":"ListItem","position":2,"name":"Tienda","item":"https:\/\/lebana.net\/es\/shop-2\/"},{"@type":"ListItem","position":3,"name":"Complemento Deco"}]},{"@type":"WebSite","@id":"https:\/\/lebana.net\/es\/#website","url":"https:\/\/lebana.net\/es\/","name":"lebana","description":"","publisher":{"@id":"https:\/\/lebana.net\/es\/#organization"},"potentialAction":[{"@type":"SearchAction","target":{"@type":"EntryPoint","urlTemplate":"https:\/\/lebana.net\/es\/?s={search_term_string}"},"query-input":"required name=search_term_string"}],"inLanguage":"es"},{"@type":"Organization","@id":"https:\/\/lebana.net\/es\/#organization","name":"lebana","url":"https:\/\/lebana.net\/es\/","logo":{"@type":"ImageObject","inLanguage":"es","@id":"https:\/\/lebana.net\/es\/#\/schema\/logo\/image\/","url":null,"contentUrl":null,"width":"1024","height":"1024","caption":"lebana"},"image":{"@id":"https:\/\/lebana.net\/es\/#\/schema\/logo\/image\/"}}]}},"brands":[{"id":53,"name":"COMPLEMENTOS","slug":"complementos"}],"_links":{"self":[{"href":"https:\/\/lebana.net\/es\/wp-json\/wp\/v2\/product\/1554","targetHints":{"allow":["GET"]}}],"collection":[{"href":"https:\/\/lebana.net\/es\/wp-json\/wp\/v2\/product"}],"about":[{"href":"https:\/\/lebana.net\/es\/wp-json\/wp\/v2\/types\/product"}],"replies":[{"embeddable":true,"href":"https:\/\/lebana.net\/es\/wp-json\/wp\/v2\/comments?post=1554"}],"wp:featuredmedia":[{"embeddable":true,"href":"https:\/\/lebana.net\/es\/wp-json\/wp\/v2\/media\/2875"}],"wp:attachment":[{"href":"https:\/\/lebana.net\/es\/wp-json\/wp\/v2\/media?parent=1554"}],"wp:term":[{"taxonomy":"pwb-brand","embeddable":true,"href":"https:\/\/lebana.net\/es\/wp-json\/wp\/v2\/pwb-brand?post=1554"},{"taxonomy":"product_cat","embeddable":true,"href":"https:\/\/lebana.net\/es\/wp-json\/wp\/v2\/product_cat?post=1554"},{"taxonomy":"product_tag","embeddable":true,"href":"https:\/\/lebana.net\/es\/wp-json\/wp\/v2\/product_tag?post=1554"}],"curies":[{"name":"wp","href":"https:\/\/api.w.org\/{rel}","templated":true}]}}