{"id":175,"date":"2017-06-07T04:29:49","date_gmt":"2017-06-07T04:29:49","guid":{"rendered":"https:\/\/demo.uix.store\/sober-furniture\/?page_id=175"},"modified":"2023-03-30T18:13:23","modified_gmt":"2023-03-30T16:13:23","slug":"contact","status":"publish","type":"page","link":"https:\/\/lebana.net\/es\/contact\/","title":{"rendered":"Contacto"},"content":{"rendered":"\n\t\t<div id=\"fws_69d37d996df7d\"  data-column-margin=\"default\" data-midnight=\"dark\"  class=\"wpb_row vc_row-fluid vc_row\"  style=\"padding-top: 0px; padding-bottom: 0px; \"><div class=\"row-bg-wrap\" data-bg-animation=\"none\" data-bg-animation-delay=\"\" data-bg-overlay=\"false\"><div class=\"inner-wrap row-bg-layer\" ><div class=\"row-bg viewport-desktop\"  style=\"\"><\/div><\/div><\/div><div class=\"row_col_wrap_12 col span_12 dark left\">\n\t<div  class=\"vc_col-sm-12 vc_col-lg-offset-2 vc_col-lg-8 vc_col-md-offset-0 vc_col-md-12 vc_col-sm-offset-0 wpb_column column_container vc_column_container col no-extra-padding inherit_tablet inherit_phone \"  data-padding-pos=\"all\" data-has-bg-color=\"false\" data-bg-color=\"\" data-bg-opacity=\"1\" data-animation=\"\" data-delay=\"0\" >\n\t\t<div class=\"vc_column-inner\" >\n\t\t\t<div class=\"wpb_wrapper\">\n\t\t\t\t\n<div class=\"wpb_text_column wpb_content_element  vc_custom_1673965807035\" >\n\t<div class=\"wpb_wrapper\">\n\t\t<p style=\"font-size: 16px; line-height: 32px;\">La arquitectura de un mueble, su neoespresionismo y la motivaci\u00f3n para innovar todos los d\u00edas lleva a lebana a un nuevo horizonte. A construir muebles de ba\u00f1o exclusivos para cada uno de nuestros clientes.<\/p>\n\t<\/div>\n<\/div>\n\n\n\n<div class=\"sober-contact-box  \"><div class=\"contact-info\">\n\t\t\t\t\t<svg width=\"20\" height=\"20\" class=\"info-icon\"><use xlink:href=\"#home\"><\/use><\/svg>\n\t\t\t\t\t<span class=\"info-name\">Address<\/span>\n\t\t\t\t\t<span class=\"info-value\">La Vall d&#039;Uix\u00f3 12600 Castell\u00f3n<\/span>\n\t\t\t\t<\/div> <div class=\"contact-info\">\n\t\t\t\t\t<svg width=\"20\" height=\"20\" class=\"info-icon\"><use xlink:href=\"#mail\"><\/use><\/svg>\n\t\t\t\t\t<span class=\"info-name\">Email<\/span>\n\t\t\t\t\t<span class=\"info-value\"><a href=\"mailto:info@lebana.eu\">info@lebana.eu<\/a><\/span>\n\t\t\t\t<\/div><\/div>\n\t\t\t<\/div> \n\t\t<\/div>\n\t<\/div> \n<\/div><\/div>\n\t\t<div id=\"fws_69d37d996e63c\"  data-column-margin=\"default\" data-midnight=\"dark\"  class=\"wpb_row vc_row-fluid vc_row\"  style=\"padding-top: 0px; padding-bottom: 0px; \"><div class=\"row-bg-wrap\" data-bg-animation=\"none\" data-bg-animation-delay=\"\" data-bg-overlay=\"false\"><div class=\"inner-wrap row-bg-layer\" ><div class=\"row-bg viewport-desktop\"  style=\"\"><\/div><\/div><\/div><div class=\"row_col_wrap_12 col span_12 dark left\">\n\t<div  class=\"vc_col-sm-12 vc_col-lg-6 vc_col-md-12 wpb_column column_container vc_column_container col no-extra-padding inherit_tablet inherit_phone \"  data-padding-pos=\"all\" data-has-bg-color=\"false\" data-bg-color=\"\" data-bg-opacity=\"1\" data-animation=\"\" data-delay=\"0\" >\n\t\t<div class=\"vc_column-inner\" >\n\t\t\t<div class=\"wpb_wrapper\">\n\t\t\t\t\n\t\t\t<\/div> \n\t\t<\/div>\n\t<\/div> \n\n\t<div  class=\"vc_col-sm-12 vc_col-lg-6 vc_col-md-12 contact-form wpb_column column_container vc_column_container col no-extra-padding inherit_tablet inherit_phone \"  data-padding-pos=\"all\" data-has-bg-color=\"false\" data-bg-color=\"\" data-bg-opacity=\"1\" data-animation=\"\" data-delay=\"0\" >\n\t\t<div class=\"vc_column-inner\" >\n\t\t\t<div class=\"wpb_wrapper\">\n\t\t\t\t<h2 style=\"font-size: 32px;text-align: left\" class=\"vc_custom_heading vc_custom_1657574957939\" >Contacta con nosotros<\/h2>\n<div class=\"wpcf7 no-js\" id=\"wpcf7-f373-o1\" lang=\"en-US\" dir=\"ltr\">\n<div class=\"screen-reader-response\"><p role=\"status\" aria-live=\"polite\" aria-atomic=\"true\"><\/p> <ul><\/ul><\/div>\n<form action=\"\/es\/wp-json\/wp\/v2\/pages\/175#wpcf7-f373-o1\" method=\"post\" class=\"wpcf7-form init\" aria-label=\"Contact form\" novalidate=\"novalidate\" data-status=\"init\">\n<div style=\"display: none;\">\n<input type=\"hidden\" name=\"_wpcf7\" value=\"373\" \/>\n<input type=\"hidden\" name=\"_wpcf7_version\" value=\"5.8.4\" \/>\n<input type=\"hidden\" name=\"_wpcf7_locale\" value=\"en_US\" \/>\n<input type=\"hidden\" name=\"_wpcf7_unit_tag\" value=\"wpcf7-f373-o1\" \/>\n<input type=\"hidden\" name=\"_wpcf7_container_post\" value=\"0\" \/>\n<input type=\"hidden\" name=\"_wpcf7_posted_data_hash\" value=\"\" \/>\n<\/div>\n<p><label> Your Name (required)<br \/>\n<span class=\"wpcf7-form-control-wrap\" data-name=\"your-name\"><input size=\"40\" class=\"wpcf7-form-control wpcf7-text wpcf7-validates-as-required\" aria-required=\"true\" aria-invalid=\"false\" value=\"\" type=\"text\" name=\"your-name\" \/><\/span> <\/label>\n<\/p>\n<p><label> Your Email (required)<br \/>\n<span class=\"wpcf7-form-control-wrap\" data-name=\"your-email\"><input size=\"40\" class=\"wpcf7-form-control wpcf7-email wpcf7-validates-as-required wpcf7-text wpcf7-validates-as-email\" aria-required=\"true\" aria-invalid=\"false\" value=\"\" type=\"email\" name=\"your-email\" \/><\/span> <\/label>\n<\/p>\n<p><label> Subject<br \/>\n<span class=\"wpcf7-form-control-wrap\" data-name=\"your-subject\"><input size=\"40\" class=\"wpcf7-form-control wpcf7-text\" aria-invalid=\"false\" value=\"\" type=\"text\" name=\"your-subject\" \/><\/span> <\/label>\n<\/p>\n<p><label> Your Message<br \/>\n<span class=\"wpcf7-form-control-wrap\" data-name=\"your-message\"><textarea cols=\"40\" rows=\"10\" class=\"wpcf7-form-control wpcf7-textarea\" aria-invalid=\"false\" name=\"your-message\"><\/textarea><\/span> <\/label>\n<\/p>\n<p><input class=\"wpcf7-form-control wpcf7-submit has-spinner\" type=\"submit\" value=\"Send\" \/>\n<\/p><div class=\"wpcf7-response-output\" aria-hidden=\"true\"><\/div>\n<\/form>\n<\/div>\n\n\t\t\t<\/div> \n\t\t<\/div>\n\t<\/div> \n<\/div><\/div>\n","protected":false},"excerpt":{"rendered":"La arquitectura de un mueble, su neoespresionismo y la motivaci\u00f3n para innovar todos los d\u00edas lleva a lebana a un nuevo horizonte. A construir muebles de ba\u00f1o exclusivos para cada...","protected":false},"author":1,"featured_media":0,"parent":0,"menu_order":0,"comment_status":"closed","ping_status":"closed","template":"","meta":{"footnotes":""},"class_list":["post-175","page","type-page","status-publish"],"yoast_head":"<!-- This site is optimized with the Yoast SEO plugin v21.6 - https:\/\/yoast.com\/wordpress\/plugins\/seo\/ -->\n<title>Contacto - lebana<\/title>\n<meta name=\"robots\" content=\"index, follow, max-snippet:-1, max-image-preview:large, max-video-preview:-1\" \/>\n<link rel=\"canonical\" href=\"https:\/\/lebana.net\/es\/contact\/\" \/>\n<meta property=\"og:locale\" content=\"es_ES\" \/>\n<meta property=\"og:type\" content=\"article\" \/>\n<meta property=\"og:title\" content=\"Contacto - lebana\" \/>\n<meta property=\"og:url\" content=\"https:\/\/lebana.net\/es\/contact\/\" \/>\n<meta property=\"og:site_name\" content=\"lebana\" \/>\n<meta property=\"article:modified_time\" content=\"2023-03-30T16:13:23+00:00\" \/>\n<meta name=\"twitter:card\" content=\"summary_large_image\" \/>\n<meta name=\"twitter:label1\" content=\"Tiempo de lectura\" \/>\n\t<meta name=\"twitter:data1\" content=\"1 minuto\" \/>\n<script type=\"application\/ld+json\" class=\"yoast-schema-graph\">{\"@context\":\"https:\/\/schema.org\",\"@graph\":[{\"@type\":\"WebPage\",\"@id\":\"https:\/\/lebana.net\/contact\/\",\"url\":\"https:\/\/lebana.net\/contact\/\",\"name\":\"Contacto - lebana\",\"isPartOf\":{\"@id\":\"https:\/\/lebana.net\/es\/#website\"},\"datePublished\":\"2017-06-07T04:29:49+00:00\",\"dateModified\":\"2023-03-30T16:13:23+00:00\",\"breadcrumb\":{\"@id\":\"https:\/\/lebana.net\/contact\/#breadcrumb\"},\"inLanguage\":\"es\",\"potentialAction\":[{\"@type\":\"ReadAction\",\"target\":[\"https:\/\/lebana.net\/contact\/\"]}]},{\"@type\":\"BreadcrumbList\",\"@id\":\"https:\/\/lebana.net\/contact\/#breadcrumb\",\"itemListElement\":[{\"@type\":\"ListItem\",\"position\":1,\"name\":\"Portada\",\"item\":\"https:\/\/lebana.net\/\"},{\"@type\":\"ListItem\",\"position\":2,\"name\":\"Contacto\"}]},{\"@type\":\"WebSite\",\"@id\":\"https:\/\/lebana.net\/es\/#website\",\"url\":\"https:\/\/lebana.net\/es\/\",\"name\":\"lebana\",\"description\":\"\",\"publisher\":{\"@id\":\"https:\/\/lebana.net\/es\/#organization\"},\"potentialAction\":[{\"@type\":\"SearchAction\",\"target\":{\"@type\":\"EntryPoint\",\"urlTemplate\":\"https:\/\/lebana.net\/es\/?s={search_term_string}\"},\"query-input\":\"required name=search_term_string\"}],\"inLanguage\":\"es\"},{\"@type\":\"Organization\",\"@id\":\"https:\/\/lebana.net\/es\/#organization\",\"name\":\"lebana\",\"url\":\"https:\/\/lebana.net\/es\/\",\"logo\":{\"@type\":\"ImageObject\",\"inLanguage\":\"es\",\"@id\":\"https:\/\/lebana.net\/es\/#\/schema\/logo\/image\/\",\"url\":null,\"contentUrl\":null,\"width\":\"1024\",\"height\":\"1024\",\"caption\":\"lebana\"},\"image\":{\"@id\":\"https:\/\/lebana.net\/es\/#\/schema\/logo\/image\/\"}}]}<\/script>\n<!-- \/ Yoast SEO plugin. -->","yoast_head_json":{"title":"Contacto - lebana","robots":{"index":"index","follow":"follow","max-snippet":"max-snippet:-1","max-image-preview":"max-image-preview:large","max-video-preview":"max-video-preview:-1"},"canonical":"https:\/\/lebana.net\/es\/contact\/","og_locale":"es_ES","og_type":"article","og_title":"Contacto - lebana","og_url":"https:\/\/lebana.net\/es\/contact\/","og_site_name":"lebana","article_modified_time":"2023-03-30T16:13:23+00:00","twitter_card":"summary_large_image","twitter_misc":{"Tiempo de lectura":"1 minuto"},"schema":{"@context":"https:\/\/schema.org","@graph":[{"@type":"WebPage","@id":"https:\/\/lebana.net\/contact\/","url":"https:\/\/lebana.net\/contact\/","name":"Contacto - lebana","isPartOf":{"@id":"https:\/\/lebana.net\/es\/#website"},"datePublished":"2017-06-07T04:29:49+00:00","dateModified":"2023-03-30T16:13:23+00:00","breadcrumb":{"@id":"https:\/\/lebana.net\/contact\/#breadcrumb"},"inLanguage":"es","potentialAction":[{"@type":"ReadAction","target":["https:\/\/lebana.net\/contact\/"]}]},{"@type":"BreadcrumbList","@id":"https:\/\/lebana.net\/contact\/#breadcrumb","itemListElement":[{"@type":"ListItem","position":1,"name":"Portada","item":"https:\/\/lebana.net\/"},{"@type":"ListItem","position":2,"name":"Contacto"}]},{"@type":"WebSite","@id":"https:\/\/lebana.net\/es\/#website","url":"https:\/\/lebana.net\/es\/","name":"lebana","description":"","publisher":{"@id":"https:\/\/lebana.net\/es\/#organization"},"potentialAction":[{"@type":"SearchAction","target":{"@type":"EntryPoint","urlTemplate":"https:\/\/lebana.net\/es\/?s={search_term_string}"},"query-input":"required name=search_term_string"}],"inLanguage":"es"},{"@type":"Organization","@id":"https:\/\/lebana.net\/es\/#organization","name":"lebana","url":"https:\/\/lebana.net\/es\/","logo":{"@type":"ImageObject","inLanguage":"es","@id":"https:\/\/lebana.net\/es\/#\/schema\/logo\/image\/","url":null,"contentUrl":null,"width":"1024","height":"1024","caption":"lebana"},"image":{"@id":"https:\/\/lebana.net\/es\/#\/schema\/logo\/image\/"}}]}},"_links":{"self":[{"href":"https:\/\/lebana.net\/es\/wp-json\/wp\/v2\/pages\/175","targetHints":{"allow":["GET"]}}],"collection":[{"href":"https:\/\/lebana.net\/es\/wp-json\/wp\/v2\/pages"}],"about":[{"href":"https:\/\/lebana.net\/es\/wp-json\/wp\/v2\/types\/page"}],"author":[{"embeddable":true,"href":"https:\/\/lebana.net\/es\/wp-json\/wp\/v2\/users\/1"}],"replies":[{"embeddable":true,"href":"https:\/\/lebana.net\/es\/wp-json\/wp\/v2\/comments?post=175"}],"version-history":[{"count":0,"href":"https:\/\/lebana.net\/es\/wp-json\/wp\/v2\/pages\/175\/revisions"}],"wp:attachment":[{"href":"https:\/\/lebana.net\/es\/wp-json\/wp\/v2\/media?parent=175"}],"curies":[{"name":"wp","href":"https:\/\/api.w.org\/{rel}","templated":true}]}}